{"id":549,"date":"2022-05-10T06:33:26","date_gmt":"2022-05-10T06:33:26","guid":{"rendered":"https:\/\/carcacia.com\/?page_id=549"},"modified":"2023-01-04T16:30:12","modified_gmt":"2023-01-04T16:30:12","slug":"campo-de-futbol-mirarrios-2","status":"publish","type":"page","link":"https:\/\/carcacia.com\/?page_id=549","title":{"rendered":"Campo de futbol Mirarrios"},"content":{"rendered":"\n<p>Na parte mais alta da aldea de Ribadulla, podemos encontrar o campo de futbol Mirarrios. Este campo foi renovado no ano 2000 gracias \u00e1 aportaci\u00f3n do Concello e da Diputaci\u00f3n Provincial. <\/p>\n\n\n\n<figure class=\"wp-block-image size-full is-resized is-style-default\"><a href=\"http:\/\/carcacia.com\/wp-content\/uploads\/2022\/05\/DJI_0296-scaled.jpg\"><img decoding=\"async\" loading=\"lazy\" src=\"https:\/\/carcacia.com\/wp-content\/uploads\/2022\/05\/DJI_0296-scaled.jpg\" alt=\"\" class=\"wp-image-687\" width=\"640\" height=\"360\" srcset=\"https:\/\/carcacia.com\/wp-content\/uploads\/2022\/05\/DJI_0296-scaled.jpg 2560w, https:\/\/carcacia.com\/wp-content\/uploads\/2022\/05\/DJI_0296-300x169.jpg 300w, https:\/\/carcacia.com\/wp-content\/uploads\/2022\/05\/DJI_0296-1024x576.jpg 1024w, https:\/\/carcacia.com\/wp-content\/uploads\/2022\/05\/DJI_0296-768x432.jpg 768w, https:\/\/carcacia.com\/wp-content\/uploads\/2022\/05\/DJI_0296-1536x864.jpg 1536w, https:\/\/carcacia.com\/wp-content\/uploads\/2022\/05\/DJI_0296-2048x1152.jpg 2048w\" sizes=\"(max-width: 640px) 100vw, 640px\" \/><\/a><\/figure>\n\n\n\n<p>O recinto, que est\u00e1 completamente valado, ten unha extensi\u00f3n aproximada de 12.500m\u00b2, dos que 1.000m\u00b2 estan adicados a aparcadoiro.<\/p>\n\n\n\n<p>Entre as instalaci\u00f3ns podemos encontrar unha cantina, uns vestiarios, e unhas amplias e c\u00f3modas gradas con teito. Conxunto que suma uns 260m\u00b2. Tamen conta con 2 banquillos diante das gradas. <\/p>\n\n\n\n<figure class=\"is-layout-flex wp-block-gallery-1 wp-block-gallery has-nested-images columns-default is-cropped\">\n<figure class=\"wp-block-image size-full\"><a href=\"https:\/\/carcacia.com\/wp-content\/uploads\/2022\/05\/DJI_0290-scaled.jpg\"><img decoding=\"async\" loading=\"lazy\" width=\"2560\" height=\"1440\" data-id=\"680\"  src=\"https:\/\/carcacia.com\/wp-content\/uploads\/2022\/05\/DJI_0290-scaled.jpg\" alt=\"\" class=\"wp-image-680\" srcset=\"https:\/\/carcacia.com\/wp-content\/uploads\/2022\/05\/DJI_0290-scaled.jpg 2560w, https:\/\/carcacia.com\/wp-content\/uploads\/2022\/05\/DJI_0290-300x169.jpg 300w, https:\/\/carcacia.com\/wp-content\/uploads\/2022\/05\/DJI_0290-1024x576.jpg 1024w, https:\/\/carcacia.com\/wp-content\/uploads\/2022\/05\/DJI_0290-768x432.jpg 768w, https:\/\/carcacia.com\/wp-content\/uploads\/2022\/05\/DJI_0290-1536x864.jpg 1536w, https:\/\/carcacia.com\/wp-content\/uploads\/2022\/05\/DJI_0290-2048x1152.jpg 2048w\" sizes=\"(max-width: 2560px) 100vw, 2560px\" \/><\/a><\/figure>\n\n\n\n<figure class=\"wp-block-image size-full\"><a href=\"https:\/\/carcacia.com\/wp-content\/uploads\/2022\/05\/DJI_0291-scaled.jpg\"><img decoding=\"async\" loading=\"lazy\" width=\"2560\" height=\"1440\" data-id=\"681\"  src=\"https:\/\/carcacia.com\/wp-content\/uploads\/2022\/05\/DJI_0291-scaled.jpg\" alt=\"\" class=\"wp-image-681\" srcset=\"https:\/\/carcacia.com\/wp-content\/uploads\/2022\/05\/DJI_0291-scaled.jpg 2560w, https:\/\/carcacia.com\/wp-content\/uploads\/2022\/05\/DJI_0291-300x169.jpg 300w, https:\/\/carcacia.com\/wp-content\/uploads\/2022\/05\/DJI_0291-1024x576.jpg 1024w, https:\/\/carcacia.com\/wp-content\/uploads\/2022\/05\/DJI_0291-768x432.jpg 768w, https:\/\/carcacia.com\/wp-content\/uploads\/2022\/05\/DJI_0291-1536x864.jpg 1536w, https:\/\/carcacia.com\/wp-content\/uploads\/2022\/05\/DJI_0291-2048x1152.jpg 2048w\" sizes=\"(max-width: 2560px) 100vw, 2560px\" \/><\/a><\/figure>\n\n\n\n<figure class=\"wp-block-image size-full\"><a href=\"https:\/\/carcacia.com\/wp-content\/uploads\/2022\/05\/DJI_0292-scaled.jpg\"><img decoding=\"async\" loading=\"lazy\" width=\"2560\" height=\"1440\" data-id=\"682\"  src=\"https:\/\/carcacia.com\/wp-content\/uploads\/2022\/05\/DJI_0292-scaled.jpg\" alt=\"\" class=\"wp-image-682\" srcset=\"https:\/\/carcacia.com\/wp-content\/uploads\/2022\/05\/DJI_0292-scaled.jpg 2560w, https:\/\/carcacia.com\/wp-content\/uploads\/2022\/05\/DJI_0292-300x169.jpg 300w, https:\/\/carcacia.com\/wp-content\/uploads\/2022\/05\/DJI_0292-1024x576.jpg 1024w, https:\/\/carcacia.com\/wp-content\/uploads\/2022\/05\/DJI_0292-768x432.jpg 768w, https:\/\/carcacia.com\/wp-content\/uploads\/2022\/05\/DJI_0292-1536x864.jpg 1536w, https:\/\/carcacia.com\/wp-content\/uploads\/2022\/05\/DJI_0292-2048x1152.jpg 2048w\" sizes=\"(max-width: 2560px) 100vw, 2560px\" \/><\/a><\/figure>\n\n\n\n<figure class=\"wp-block-image size-full\"><a href=\"https:\/\/carcacia.com\/wp-content\/uploads\/2022\/05\/DJI_0293-scaled.jpg\"><img decoding=\"async\" loading=\"lazy\" width=\"2560\" height=\"1440\" data-id=\"684\"  src=\"https:\/\/carcacia.com\/wp-content\/uploads\/2022\/05\/DJI_0293-scaled.jpg\" alt=\"\" class=\"wp-image-684\" srcset=\"https:\/\/carcacia.com\/wp-content\/uploads\/2022\/05\/DJI_0293-scaled.jpg 2560w, https:\/\/carcacia.com\/wp-content\/uploads\/2022\/05\/DJI_0293-300x169.jpg 300w, https:\/\/carcacia.com\/wp-content\/uploads\/2022\/05\/DJI_0293-1024x576.jpg 1024w, https:\/\/carcacia.com\/wp-content\/uploads\/2022\/05\/DJI_0293-768x432.jpg 768w, https:\/\/carcacia.com\/wp-content\/uploads\/2022\/05\/DJI_0293-1536x864.jpg 1536w, https:\/\/carcacia.com\/wp-content\/uploads\/2022\/05\/DJI_0293-2048x1152.jpg 2048w\" sizes=\"(max-width: 2560px) 100vw, 2560px\" \/><\/a><\/figure>\n\n\n\n<figure class=\"wp-block-image size-full\"><a href=\"https:\/\/carcacia.com\/wp-content\/uploads\/2022\/05\/DJI_0294-scaled.jpg\"><img decoding=\"async\" loading=\"lazy\" width=\"2560\" height=\"1440\" data-id=\"685\"  src=\"https:\/\/carcacia.com\/wp-content\/uploads\/2022\/05\/DJI_0294-scaled.jpg\" alt=\"\" class=\"wp-image-685\" srcset=\"https:\/\/carcacia.com\/wp-content\/uploads\/2022\/05\/DJI_0294-scaled.jpg 2560w, https:\/\/carcacia.com\/wp-content\/uploads\/2022\/05\/DJI_0294-300x169.jpg 300w, https:\/\/carcacia.com\/wp-content\/uploads\/2022\/05\/DJI_0294-1024x576.jpg 1024w, https:\/\/carcacia.com\/wp-content\/uploads\/2022\/05\/DJI_0294-768x432.jpg 768w, https:\/\/carcacia.com\/wp-content\/uploads\/2022\/05\/DJI_0294-1536x864.jpg 1536w, https:\/\/carcacia.com\/wp-content\/uploads\/2022\/05\/DJI_0294-2048x1152.jpg 2048w\" sizes=\"(max-width: 2560px) 100vw, 2560px\" \/><\/a><\/figure>\n\n\n\n<figure class=\"wp-block-image size-full\"><a href=\"https:\/\/carcacia.com\/wp-content\/uploads\/2022\/05\/DJI_0295-scaled.jpg\"><img decoding=\"async\" loading=\"lazy\" width=\"2560\" height=\"1440\" data-id=\"686\"  src=\"https:\/\/carcacia.com\/wp-content\/uploads\/2022\/05\/DJI_0295-scaled.jpg\" alt=\"\" class=\"wp-image-686\" srcset=\"https:\/\/carcacia.com\/wp-content\/uploads\/2022\/05\/DJI_0295-scaled.jpg 2560w, https:\/\/carcacia.com\/wp-content\/uploads\/2022\/05\/DJI_0295-300x169.jpg 300w, https:\/\/carcacia.com\/wp-content\/uploads\/2022\/05\/DJI_0295-1024x576.jpg 1024w, https:\/\/carcacia.com\/wp-content\/uploads\/2022\/05\/DJI_0295-768x432.jpg 768w, https:\/\/carcacia.com\/wp-content\/uploads\/2022\/05\/DJI_0295-1536x864.jpg 1536w, https:\/\/carcacia.com\/wp-content\/uploads\/2022\/05\/DJI_0295-2048x1152.jpg 2048w\" sizes=\"(max-width: 2560px) 100vw, 2560px\" \/><\/a><\/figure>\n<\/figure>\n\n\n\n<p>O campo ten piso de terra, e mide 100m de longo e 64m de ancho. Conta con un valado de ferro por todo o seu per\u00edmetro, e 4 postes con varios proxectores para iluminaci\u00f3n nocturna. <\/p>\n\n\n\n<p><\/p>\n","protected":false},"excerpt":{"rendered":"<p>Na parte mais alta da aldea de Ribadulla, podemos encontrar o campo de futbol Mirarrios. Este campo foi renovado no ano 2000 gracias \u00e1 aportaci\u00f3n do Concello e da Diputaci\u00f3n Provincial. O recinto, que est\u00e1 completamente valado, ten unha extensi\u00f3n &hellip; <a href=\"https:\/\/carcacia.com\/?page_id=549\">Sigue lendo <span class=\"meta-nav\">&rarr;<\/span><\/a><\/p>\n","protected":false},"author":1,"featured_media":0,"parent":0,"menu_order":0,"comment_status":"closed","ping_status":"closed","template":"","meta":[],"_links":{"self":[{"href":"https:\/\/carcacia.com\/index.php?rest_route=\/wp\/v2\/pages\/549"}],"collection":[{"href":"https:\/\/carcacia.com\/index.php?rest_route=\/wp\/v2\/pages"}],"about":[{"href":"https:\/\/carcacia.com\/index.php?rest_route=\/wp\/v2\/types\/page"}],"author":[{"embeddable":true,"href":"https:\/\/carcacia.com\/index.php?rest_route=\/wp\/v2\/users\/1"}],"replies":[{"embeddable":true,"href":"https:\/\/carcacia.com\/index.php?rest_route=%2Fwp%2Fv2%2Fcomments&post=549"}],"version-history":[{"count":15,"href":"https:\/\/carcacia.com\/index.php?rest_route=\/wp\/v2\/pages\/549\/revisions"}],"predecessor-version":[{"id":1010,"href":"https:\/\/carcacia.com\/index.php?rest_route=\/wp\/v2\/pages\/549\/revisions\/1010"}],"wp:attachment":[{"href":"https:\/\/carcacia.com\/index.php?rest_route=%2Fwp%2Fv2%2Fmedia&parent=549"}],"curies":[{"name":"wp","href":"https:\/\/api.w.org\/{rel}","templated":true}]}}