{"id":406,"date":"2022-04-13T19:36:25","date_gmt":"2022-04-13T19:36:25","guid":{"rendered":"https:\/\/carcacia.com\/?page_id=406"},"modified":"2023-01-04T16:33:33","modified_gmt":"2023-01-04T16:33:33","slug":"depuradora-de-auga","status":"publish","type":"page","link":"https:\/\/carcacia.com\/?page_id=406","title":{"rendered":"E.T.A.P. de Carcac\u00eda"},"content":{"rendered":"\n<p>A E.T.A.P. \u00e9 a Estaci\u00f3n de Tratamento de Auga Potable. Est\u00e1 situadada na ladeira do monte de Meda, na zona chamada &#8220;O Lapido&#8221;, e \u00e9 accesible dende a estrada AC-242. <\/p>\n\n\n\n<p>Esta estaci\u00f3n forma parte do sistema de abastecemento da marxe dereita da ria de Arousa. Ten unha capadidade de bombeo de 450 litros\/segundo, e de tratamento a 225 litros\/segundo. A infraestructura consta de varios mecanismos de bombeo, filtros, decantador, c\u00e1mara de mezcla, torre de absorci\u00f3n de cloro, e centro de transformaci\u00f3n.<\/p>\n\n\n\n<figure class=\"is-layout-flex wp-block-gallery-1 wp-block-gallery has-nested-images columns-4 is-cropped\">\n<figure class=\"wp-block-image size-full\"><a href=\"https:\/\/carcacia.com\/wp-content\/uploads\/2022\/05\/DJI_0198-scaled.jpg\"><img decoding=\"async\" loading=\"lazy\" width=\"2560\" height=\"1440\" data-id=\"582\"  src=\"https:\/\/carcacia.com\/wp-content\/uploads\/2022\/05\/DJI_0198-scaled.jpg\" alt=\"\" class=\"wp-image-582\" srcset=\"https:\/\/carcacia.com\/wp-content\/uploads\/2022\/05\/DJI_0198-scaled.jpg 2560w, https:\/\/carcacia.com\/wp-content\/uploads\/2022\/05\/DJI_0198-300x169.jpg 300w, https:\/\/carcacia.com\/wp-content\/uploads\/2022\/05\/DJI_0198-1024x576.jpg 1024w, https:\/\/carcacia.com\/wp-content\/uploads\/2022\/05\/DJI_0198-768x432.jpg 768w, https:\/\/carcacia.com\/wp-content\/uploads\/2022\/05\/DJI_0198-1536x864.jpg 1536w, https:\/\/carcacia.com\/wp-content\/uploads\/2022\/05\/DJI_0198-2048x1152.jpg 2048w\" sizes=\"(max-width: 2560px) 100vw, 2560px\" \/><\/a><\/figure>\n\n\n\n<figure class=\"wp-block-image size-full\"><a href=\"https:\/\/carcacia.com\/wp-content\/uploads\/2022\/05\/DJI_0200-scaled.jpg\"><img decoding=\"async\" loading=\"lazy\" width=\"2560\" height=\"1440\" data-id=\"583\"  src=\"https:\/\/carcacia.com\/wp-content\/uploads\/2022\/05\/DJI_0200-scaled.jpg\" alt=\"\" class=\"wp-image-583\" srcset=\"https:\/\/carcacia.com\/wp-content\/uploads\/2022\/05\/DJI_0200-scaled.jpg 2560w, https:\/\/carcacia.com\/wp-content\/uploads\/2022\/05\/DJI_0200-300x169.jpg 300w, https:\/\/carcacia.com\/wp-content\/uploads\/2022\/05\/DJI_0200-1024x576.jpg 1024w, https:\/\/carcacia.com\/wp-content\/uploads\/2022\/05\/DJI_0200-768x432.jpg 768w, https:\/\/carcacia.com\/wp-content\/uploads\/2022\/05\/DJI_0200-1536x864.jpg 1536w, https:\/\/carcacia.com\/wp-content\/uploads\/2022\/05\/DJI_0200-2048x1152.jpg 2048w\" sizes=\"(max-width: 2560px) 100vw, 2560px\" \/><\/a><\/figure>\n\n\n\n<figure class=\"wp-block-image size-full\"><a href=\"https:\/\/carcacia.com\/wp-content\/uploads\/2022\/05\/DJI_0202-scaled.jpg\"><img decoding=\"async\" loading=\"lazy\" width=\"2560\" height=\"1440\" data-id=\"584\"  src=\"https:\/\/carcacia.com\/wp-content\/uploads\/2022\/05\/DJI_0202-scaled.jpg\" alt=\"\" class=\"wp-image-584\" srcset=\"https:\/\/carcacia.com\/wp-content\/uploads\/2022\/05\/DJI_0202-scaled.jpg 2560w, https:\/\/carcacia.com\/wp-content\/uploads\/2022\/05\/DJI_0202-300x169.jpg 300w, https:\/\/carcacia.com\/wp-content\/uploads\/2022\/05\/DJI_0202-1024x576.jpg 1024w, https:\/\/carcacia.com\/wp-content\/uploads\/2022\/05\/DJI_0202-768x432.jpg 768w, https:\/\/carcacia.com\/wp-content\/uploads\/2022\/05\/DJI_0202-1536x864.jpg 1536w, https:\/\/carcacia.com\/wp-content\/uploads\/2022\/05\/DJI_0202-2048x1152.jpg 2048w\" sizes=\"(max-width: 2560px) 100vw, 2560px\" \/><\/a><\/figure>\n\n\n\n<figure class=\"wp-block-image size-full\"><a href=\"https:\/\/carcacia.com\/wp-content\/uploads\/2022\/05\/DJI_0204-scaled.jpg\"><img decoding=\"async\" loading=\"lazy\" width=\"2560\" height=\"1440\" data-id=\"585\"  src=\"https:\/\/carcacia.com\/wp-content\/uploads\/2022\/05\/DJI_0204-scaled.jpg\" alt=\"\" class=\"wp-image-585\" srcset=\"https:\/\/carcacia.com\/wp-content\/uploads\/2022\/05\/DJI_0204-scaled.jpg 2560w, https:\/\/carcacia.com\/wp-content\/uploads\/2022\/05\/DJI_0204-300x169.jpg 300w, https:\/\/carcacia.com\/wp-content\/uploads\/2022\/05\/DJI_0204-1024x576.jpg 1024w, https:\/\/carcacia.com\/wp-content\/uploads\/2022\/05\/DJI_0204-768x432.jpg 768w, https:\/\/carcacia.com\/wp-content\/uploads\/2022\/05\/DJI_0204-1536x864.jpg 1536w, https:\/\/carcacia.com\/wp-content\/uploads\/2022\/05\/DJI_0204-2048x1152.jpg 2048w\" sizes=\"(max-width: 2560px) 100vw, 2560px\" \/><\/a><\/figure>\n\n\n\n<figure class=\"wp-block-image size-full\"><a href=\"https:\/\/carcacia.com\/wp-content\/uploads\/2022\/05\/DJI_0205-scaled.jpg\"><img decoding=\"async\" loading=\"lazy\" width=\"2560\" height=\"1440\" data-id=\"586\"  src=\"https:\/\/carcacia.com\/wp-content\/uploads\/2022\/05\/DJI_0205-scaled.jpg\" alt=\"\" class=\"wp-image-586\" srcset=\"https:\/\/carcacia.com\/wp-content\/uploads\/2022\/05\/DJI_0205-scaled.jpg 2560w, https:\/\/carcacia.com\/wp-content\/uploads\/2022\/05\/DJI_0205-300x169.jpg 300w, https:\/\/carcacia.com\/wp-content\/uploads\/2022\/05\/DJI_0205-1024x576.jpg 1024w, https:\/\/carcacia.com\/wp-content\/uploads\/2022\/05\/DJI_0205-768x432.jpg 768w, https:\/\/carcacia.com\/wp-content\/uploads\/2022\/05\/DJI_0205-1536x864.jpg 1536w, https:\/\/carcacia.com\/wp-content\/uploads\/2022\/05\/DJI_0205-2048x1152.jpg 2048w\" sizes=\"(max-width: 2560px) 100vw, 2560px\" \/><\/a><figcaption class=\"wp-element-caption\">DC<\/figcaption><\/figure>\n\n\n\n<figure class=\"wp-block-image size-full\"><a href=\"https:\/\/carcacia.com\/wp-content\/uploads\/2022\/05\/DJI_0206-scaled.jpg\"><img decoding=\"async\" loading=\"lazy\" width=\"2560\" height=\"1440\" data-id=\"587\"  src=\"https:\/\/carcacia.com\/wp-content\/uploads\/2022\/05\/DJI_0206-scaled.jpg\" alt=\"\" class=\"wp-image-587\" srcset=\"https:\/\/carcacia.com\/wp-content\/uploads\/2022\/05\/DJI_0206-scaled.jpg 2560w, https:\/\/carcacia.com\/wp-content\/uploads\/2022\/05\/DJI_0206-300x169.jpg 300w, https:\/\/carcacia.com\/wp-content\/uploads\/2022\/05\/DJI_0206-1024x576.jpg 1024w, https:\/\/carcacia.com\/wp-content\/uploads\/2022\/05\/DJI_0206-768x432.jpg 768w, https:\/\/carcacia.com\/wp-content\/uploads\/2022\/05\/DJI_0206-1536x864.jpg 1536w, https:\/\/carcacia.com\/wp-content\/uploads\/2022\/05\/DJI_0206-2048x1152.jpg 2048w\" sizes=\"(max-width: 2560px) 100vw, 2560px\" \/><\/a><\/figure>\n<\/figure>\n\n\n\n<p>O sistema de abastecemento da marxe dereita da ria de Arousa est\u00e1 integrado polos concellos de Padr\u00f3n, Dodro, Boiro, A Pobra do Carami\u00f1al, Valga, Pontecesures, Catoira e Rianxo. Este sistema, que consta de 14 dep\u00f3sitos distribuidos polos municipios que conforman o plan, e 56 km de rede de tuber\u00edas, da servizo a mais de 93.000 persoas. Cabe destacar tamen, que o consumo rexistrado no ano 2012 foi de 3.720.089 m\u00b3 de auga.<\/p>\n\n\n\n<figure class=\"is-layout-flex wp-block-gallery-3 wp-block-gallery has-nested-images columns-2 is-cropped\">\n<figure class=\"wp-block-image size-full\"><a href=\"https:\/\/carcacia.com\/wp-content\/uploads\/2022\/05\/DJI_0254-scaled.jpg\"><img decoding=\"async\" loading=\"lazy\" width=\"2560\" height=\"1440\" data-id=\"589\"  src=\"https:\/\/carcacia.com\/wp-content\/uploads\/2022\/05\/DJI_0254-scaled.jpg\" alt=\"\" class=\"wp-image-589\" srcset=\"https:\/\/carcacia.com\/wp-content\/uploads\/2022\/05\/DJI_0254-scaled.jpg 2560w, https:\/\/carcacia.com\/wp-content\/uploads\/2022\/05\/DJI_0254-300x169.jpg 300w, https:\/\/carcacia.com\/wp-content\/uploads\/2022\/05\/DJI_0254-1024x576.jpg 1024w, https:\/\/carcacia.com\/wp-content\/uploads\/2022\/05\/DJI_0254-768x432.jpg 768w, https:\/\/carcacia.com\/wp-content\/uploads\/2022\/05\/DJI_0254-1536x864.jpg 1536w, https:\/\/carcacia.com\/wp-content\/uploads\/2022\/05\/DJI_0254-2048x1152.jpg 2048w\" sizes=\"(max-width: 2560px) 100vw, 2560px\" \/><\/a><\/figure>\n\n\n\n<figure class=\"wp-block-image size-full\"><a href=\"https:\/\/carcacia.com\/wp-content\/uploads\/2022\/05\/DJI_0251-scaled.jpg\"><img decoding=\"async\" loading=\"lazy\" width=\"2560\" height=\"1440\" data-id=\"588\"  src=\"https:\/\/carcacia.com\/wp-content\/uploads\/2022\/05\/DJI_0251-scaled.jpg\" alt=\"\" class=\"wp-image-588\" srcset=\"https:\/\/carcacia.com\/wp-content\/uploads\/2022\/05\/DJI_0251-scaled.jpg 2560w, https:\/\/carcacia.com\/wp-content\/uploads\/2022\/05\/DJI_0251-300x169.jpg 300w, https:\/\/carcacia.com\/wp-content\/uploads\/2022\/05\/DJI_0251-1024x576.jpg 1024w, https:\/\/carcacia.com\/wp-content\/uploads\/2022\/05\/DJI_0251-768x432.jpg 768w, https:\/\/carcacia.com\/wp-content\/uploads\/2022\/05\/DJI_0251-1536x864.jpg 1536w, https:\/\/carcacia.com\/wp-content\/uploads\/2022\/05\/DJI_0251-2048x1152.jpg 2048w\" sizes=\"(max-width: 2560px) 100vw, 2560px\" \/><\/a><\/figure>\n<\/figure>\n\n\n\n<p>Informaci\u00f3n atopada en www.xunta.gal (<a href=\"https:\/\/www.xunta.gal\/hemeroteca\/-\/nova\/027850\/xunta-invierte-casi-millon-euros-ano-para-garantizar-explotacion-estacion-agua?langId=es_ES\">enlace<\/a><a href=\"https:\/\/www.xunta.gal\/hemeroteca\/-\/nova\/027850\/xunta-invierte-casi-millon-euros-ano-para-garantizar-explotacion-estacion-agua?langId=es_ES\"><\/a>)<\/p>\n\n\n\n<p>Situaci\u00f3n xeogr\u00e1fica:<\/p>\n\n\n\n<iframe src=\"https:\/\/www.google.com\/maps\/embed?pb=!1m18!1m12!1m3!1d1114.7899714251103!2d-8.621326262789843!3d42.74424130137487!2m3!1f0!2f0!3f0!3m2!1i1024!2i768!4f13.1!3m3!1m2!1s0x0%3A0x5c017c0c8e6119b2!2zNDLCsDQ0JzM5LjMiTiA4wrAzNycxNC4yIlc!5e1!3m2!1ses!2ses!4v1652428870709!5m2!1ses!2ses\" style=\"border:0;\" allowfullscreen=\"\" loading=\"lazy\" referrerpolicy=\"no-referrer-when-downgrade\" width=\"400\" height=\"300\"><\/iframe>\n","protected":false},"excerpt":{"rendered":"<p>A E.T.A.P. \u00e9 a Estaci\u00f3n de Tratamento de Auga Potable. Est\u00e1 situadada na ladeira do monte de Meda, na zona chamada &#8220;O Lapido&#8221;, e \u00e9 accesible dende a estrada AC-242. Esta estaci\u00f3n forma parte do sistema de abastecemento da marxe &hellip; <a href=\"https:\/\/carcacia.com\/?page_id=406\">Sigue lendo <span class=\"meta-nav\">&rarr;<\/span><\/a><\/p>\n","protected":false},"author":1,"featured_media":0,"parent":0,"menu_order":0,"comment_status":"closed","ping_status":"closed","template":"","meta":[],"_links":{"self":[{"href":"https:\/\/carcacia.com\/index.php?rest_route=\/wp\/v2\/pages\/406"}],"collection":[{"href":"https:\/\/carcacia.com\/index.php?rest_route=\/wp\/v2\/pages"}],"about":[{"href":"https:\/\/carcacia.com\/index.php?rest_route=\/wp\/v2\/types\/page"}],"author":[{"embeddable":true,"href":"https:\/\/carcacia.com\/index.php?rest_route=\/wp\/v2\/users\/1"}],"replies":[{"embeddable":true,"href":"https:\/\/carcacia.com\/index.php?rest_route=%2Fwp%2Fv2%2Fcomments&post=406"}],"version-history":[{"count":11,"href":"https:\/\/carcacia.com\/index.php?rest_route=\/wp\/v2\/pages\/406\/revisions"}],"predecessor-version":[{"id":1014,"href":"https:\/\/carcacia.com\/index.php?rest_route=\/wp\/v2\/pages\/406\/revisions\/1014"}],"wp:attachment":[{"href":"https:\/\/carcacia.com\/index.php?rest_route=%2Fwp%2Fv2%2Fmedia&parent=406"}],"curies":[{"name":"wp","href":"https:\/\/api.w.org\/{rel}","templated":true}]}}