{"id":27,"date":"2020-01-06T15:47:53","date_gmt":"2020-01-06T15:47:53","guid":{"rendered":"http:\/\/carcacia.com\/?page_id=27"},"modified":"2025-06-24T12:58:20","modified_gmt":"2025-06-24T12:58:20","slug":"contacto-e-creadores","status":"publish","type":"page","link":"https:\/\/carcacia.com\/?page_id=27","title":{"rendered":"Contacto"},"content":{"rendered":"\n<hr class=\"wp-block-separator has-css-opacity\"\/>\n\n\n\n<p>Esta web foi creada por varias persoas de forma totalmente desinteresada. Asimesmo as futuras modificacions e actualizacions. Non obstante, este servizo conleva uns gastos de &#8220;hosting&#8221; e &#8220;dominio&#8221;, que son financiados pola asociaci\u00f3n de veci\u00f1os &#8220;A Sociedade&#8221; de Carcac\u00eda-Rumille.<\/p>\n\n\n\n<p>Para calquer consulta poden escribir un email \u00e1 direcci\u00f3n: <strong>correo@carcacia.com<\/strong>,<\/p>\n\n\n\n<p>e tamen chamar ou enviar Whatsapp \u00f3 n\u00famero: <\/p>\n\n\n\n<figure class=\"wp-block-table\"><table><tbody><tr><td><img decoding=\"async\" loading=\"lazy\" width=\"348\" height=\"498\" class=\"wp-image-911\" style=\"width: 15px;\" src=\"http:\/\/carcacia.com\/wp-content\/uploads\/2023\/01\/6.png\" alt=\"\" srcset=\"https:\/\/carcacia.com\/wp-content\/uploads\/2023\/01\/6.png 348w, https:\/\/carcacia.com\/wp-content\/uploads\/2023\/01\/6-210x300.png 210w\" sizes=\"(max-width: 348px) 100vw, 348px\" \/><\/td><td><strong>3<\/strong><\/td><td><img decoding=\"async\" loading=\"lazy\" width=\"348\" height=\"498\" class=\"wp-image-911\" style=\"width: 15px;\" src=\"http:\/\/carcacia.com\/wp-content\/uploads\/2023\/01\/6.png\" alt=\"\" srcset=\"https:\/\/carcacia.com\/wp-content\/uploads\/2023\/01\/6.png 348w, https:\/\/carcacia.com\/wp-content\/uploads\/2023\/01\/6-210x300.png 210w\" sizes=\"(max-width: 348px) 100vw, 348px\" \/><\/td><td><img decoding=\"async\" loading=\"lazy\" width=\"495\" height=\"700\" class=\"wp-image-910\" style=\"width: 15px;\" src=\"http:\/\/carcacia.com\/wp-content\/uploads\/2023\/01\/1.jpg\" alt=\"\" srcset=\"https:\/\/carcacia.com\/wp-content\/uploads\/2023\/01\/1.jpg 495w, https:\/\/carcacia.com\/wp-content\/uploads\/2023\/01\/1-212x300.jpg 212w\" sizes=\"(max-width: 495px) 100vw, 495px\" \/><\/td><td>SEIS<\/td><td><strong>7<\/strong><\/td><td><img decoding=\"async\" loading=\"lazy\" width=\"915\" height=\"1280\" class=\"wp-image-909\" style=\"width: 15px;\" src=\"http:\/\/carcacia.com\/wp-content\/uploads\/2023\/01\/0.png\" alt=\"\" srcset=\"https:\/\/carcacia.com\/wp-content\/uploads\/2023\/01\/0.png 915w, https:\/\/carcacia.com\/wp-content\/uploads\/2023\/01\/0-214x300.png 214w, https:\/\/carcacia.com\/wp-content\/uploads\/2023\/01\/0-732x1024.png 732w, https:\/\/carcacia.com\/wp-content\/uploads\/2023\/01\/0-768x1074.png 768w\" sizes=\"(max-width: 915px) 100vw, 915px\" \/><\/td><td><img decoding=\"async\" loading=\"lazy\" width=\"348\" height=\"498\" class=\"wp-image-911\" style=\"width: 15px;\" src=\"http:\/\/carcacia.com\/wp-content\/uploads\/2023\/01\/6.png\" alt=\"\" srcset=\"https:\/\/carcacia.com\/wp-content\/uploads\/2023\/01\/6.png 348w, https:\/\/carcacia.com\/wp-content\/uploads\/2023\/01\/6-210x300.png 210w\" sizes=\"(max-width: 348px) 100vw, 348px\" \/><\/td><td><strong>SETE<\/strong><\/td><\/tr><\/tbody><\/table><\/figure>\n\n\n\n<div style=\"height:39px\" aria-hidden=\"true\" class=\"wp-block-spacer\"><\/div>\n\n\n\n<p>Tamen, poden seguir as nosas redes sociais:<\/p>\n\n\n\n<p><a href=\"https:\/\/www.youtube.com\/@carcaciatube7982\"><\/a><a href=\"https:\/\/www.youtube.com\/@carcaciatube7982\"><img decoding=\"async\" loading=\"lazy\" src=\"http:\/\/carcacia.com\/wp-content\/uploads\/2023\/01\/logo.youtube.jpeg\" alt=\"\" width=\"71\" height=\"71\"><\/a><a href=\"https:\/\/www.facebook.com\/quepasaporcarcacia\"><img decoding=\"async\" loading=\"lazy\" src=\"http:\/\/carcacia.com\/wp-content\/uploads\/2023\/01\/Facebook_icon.svg_.png\" alt=\"\" width=\"70\" height=\"70\"><\/a><\/p>\n\n\n\n<div class=\"is-layout-flex wp-container-1 wp-block-columns\"><\/div>\n\n\n\n<div class=\"is-layout-flex wp-container-4 wp-block-columns\">\n<div class=\"is-layout-flow wp-block-column\">\n<p><\/p>\n<\/div>\n\n\n\n<div class=\"is-layout-flow wp-block-column\"><\/div>\n<\/div>\n\n\n\n<p><\/p>\n\n\n\n<p><\/p>\n\n\n\n<p><\/p>\n","protected":false},"excerpt":{"rendered":"<p>Esta web foi creada por varias persoas de forma totalmente desinteresada. Asimesmo as futuras modificacions e actualizacions. Non obstante, este servizo conleva uns gastos de &#8220;hosting&#8221; e &#8220;dominio&#8221;, que son financiados pola asociaci\u00f3n de veci\u00f1os &#8220;A Sociedade&#8221; de Carcac\u00eda-Rumille. Para &hellip; <a href=\"https:\/\/carcacia.com\/?page_id=27\">Sigue lendo <span class=\"meta-nav\">&rarr;<\/span><\/a><\/p>\n","protected":false},"author":1,"featured_media":0,"parent":0,"menu_order":0,"comment_status":"closed","ping_status":"closed","template":"","meta":[],"_links":{"self":[{"href":"https:\/\/carcacia.com\/index.php?rest_route=\/wp\/v2\/pages\/27"}],"collection":[{"href":"https:\/\/carcacia.com\/index.php?rest_route=\/wp\/v2\/pages"}],"about":[{"href":"https:\/\/carcacia.com\/index.php?rest_route=\/wp\/v2\/types\/page"}],"author":[{"embeddable":true,"href":"https:\/\/carcacia.com\/index.php?rest_route=\/wp\/v2\/users\/1"}],"replies":[{"embeddable":true,"href":"https:\/\/carcacia.com\/index.php?rest_route=%2Fwp%2Fv2%2Fcomments&post=27"}],"version-history":[{"count":41,"href":"https:\/\/carcacia.com\/index.php?rest_route=\/wp\/v2\/pages\/27\/revisions"}],"predecessor-version":[{"id":1146,"href":"https:\/\/carcacia.com\/index.php?rest_route=\/wp\/v2\/pages\/27\/revisions\/1146"}],"wp:attachment":[{"href":"https:\/\/carcacia.com\/index.php?rest_route=%2Fwp%2Fv2%2Fmedia&parent=27"}],"curies":[{"name":"wp","href":"https:\/\/api.w.org\/{rel}","templated":true}]}}