{"id":182,"date":"2020-01-27T14:53:03","date_gmt":"2020-01-27T14:53:03","guid":{"rendered":"http:\/\/carcacia.com\/?page_id=182"},"modified":"2023-01-04T16:38:48","modified_gmt":"2023-01-04T16:38:48","slug":"fontes-e-cruceiros","status":"publish","type":"page","link":"https:\/\/carcacia.com\/?page_id=182","title":{"rendered":"Cruceiros, fontes e lavadoiros."},"content":{"rendered":"\n<p>Calc\u00falase que en Galicia hai entre 10mil e 15mil cruceiros de pedra, e como non, en Carcac\u00eda temos alguns. Estes monumentos constituen unha das mais significativas mostras do arte popular e alguns gardan curiosas lendas. Dise que estes cruceiros que constru\u00edan por diferentes raz\u00f3ns, pero na maior parte dos casos, ergu\u00edanse na memoria de algu\u00e9n. <\/p>\n\n\n\n<p>A dia de hoxe e desgraciadamente, non sabemos os motivos polos que se ergueron os cruceiros da nosa parroquia, pero ah\u00ed seguen e seguir\u00e1n por moit\u00edsimos anos. Aqui vos mostramos unha galer\u00eda cos que fomos encontrando. De seguro haber\u00e1 algun mais, as\u00ed que podedes escribirnos \u00f3 email de contacto da p\u00e1xina para que os poidamos engadir.<\/p>\n\n\n\n<figure class=\"is-layout-flex wp-block-gallery-1 wp-block-gallery has-nested-images columns-default is-cropped\">\n<figure class=\"wp-block-image size-large\"><a href=\"https:\/\/carcacia.com\/wp-content\/uploads\/2022\/10\/Cruceiro-de-Xuane.jpg\"><img decoding=\"async\" loading=\"lazy\" width=\"800\" height=\"600\" data-id=\"783\"  src=\"https:\/\/carcacia.com\/wp-content\/uploads\/2022\/10\/Cruceiro-de-Xuane.jpg\" alt=\"Cruceiro de Xuane de arriba.\" class=\"wp-image-783\" srcset=\"https:\/\/carcacia.com\/wp-content\/uploads\/2022\/10\/Cruceiro-de-Xuane.jpg 800w, https:\/\/carcacia.com\/wp-content\/uploads\/2022\/10\/Cruceiro-de-Xuane-300x225.jpg 300w, https:\/\/carcacia.com\/wp-content\/uploads\/2022\/10\/Cruceiro-de-Xuane-768x576.jpg 768w\" sizes=\"(max-width: 800px) 100vw, 800px\" \/><\/a><figcaption class=\"wp-element-caption\">Cruceiro de Xuane de arriba.\n<\/figcaption><\/figure>\n\n\n\n<figure class=\"wp-block-image size-large\"><a href=\"https:\/\/carcacia.com\/wp-content\/uploads\/2022\/10\/Cruceiro-de-Ribadulla.jpg\"><img decoding=\"async\" loading=\"lazy\" width=\"800\" height=\"600\" data-id=\"782\"  src=\"https:\/\/carcacia.com\/wp-content\/uploads\/2022\/10\/Cruceiro-de-Ribadulla.jpg\" alt=\"\" class=\"wp-image-782\" srcset=\"https:\/\/carcacia.com\/wp-content\/uploads\/2022\/10\/Cruceiro-de-Ribadulla.jpg 800w, https:\/\/carcacia.com\/wp-content\/uploads\/2022\/10\/Cruceiro-de-Ribadulla-300x225.jpg 300w, https:\/\/carcacia.com\/wp-content\/uploads\/2022\/10\/Cruceiro-de-Ribadulla-768x576.jpg 768w\" sizes=\"(max-width: 800px) 100vw, 800px\" \/><\/a><figcaption class=\"wp-element-caption\">Cruceiro de Ribadulla.\n<\/figcaption><\/figure>\n\n\n\n<figure class=\"wp-block-image size-large\"><a href=\"https:\/\/carcacia.com\/wp-content\/uploads\/2022\/10\/Cruceiro-de-Pousada.jpg\"><img decoding=\"async\" loading=\"lazy\" width=\"800\" height=\"600\" data-id=\"780\"  src=\"https:\/\/carcacia.com\/wp-content\/uploads\/2022\/10\/Cruceiro-de-Pousada.jpg\" alt=\"\" class=\"wp-image-780\" srcset=\"https:\/\/carcacia.com\/wp-content\/uploads\/2022\/10\/Cruceiro-de-Pousada.jpg 800w, https:\/\/carcacia.com\/wp-content\/uploads\/2022\/10\/Cruceiro-de-Pousada-300x225.jpg 300w, https:\/\/carcacia.com\/wp-content\/uploads\/2022\/10\/Cruceiro-de-Pousada-768x576.jpg 768w\" sizes=\"(max-width: 800px) 100vw, 800px\" \/><\/a><figcaption class=\"wp-element-caption\">Cruceiro de Pousada.\n<\/figcaption><\/figure>\n\n\n\n<figure class=\"wp-block-image size-large\"><a href=\"https:\/\/carcacia.com\/wp-content\/uploads\/2022\/10\/Cruceiro-de-Berxaus.jpg\"><img decoding=\"async\" loading=\"lazy\" width=\"800\" height=\"600\" data-id=\"779\"  src=\"https:\/\/carcacia.com\/wp-content\/uploads\/2022\/10\/Cruceiro-de-Berxaus.jpg\" alt=\"\" class=\"wp-image-779\" srcset=\"https:\/\/carcacia.com\/wp-content\/uploads\/2022\/10\/Cruceiro-de-Berxaus.jpg 800w, https:\/\/carcacia.com\/wp-content\/uploads\/2022\/10\/Cruceiro-de-Berxaus-300x225.jpg 300w, https:\/\/carcacia.com\/wp-content\/uploads\/2022\/10\/Cruceiro-de-Berxaus-768x576.jpg 768w\" sizes=\"(max-width: 800px) 100vw, 800px\" \/><\/a><figcaption class=\"wp-element-caption\">Cruceiro de Berxaus.\n<\/figcaption><\/figure>\n\n\n\n<figure class=\"wp-block-image size-large\"><a href=\"https:\/\/carcacia.com\/wp-content\/uploads\/2022\/10\/Cruceiro-da-iglesia.jpg\"><img decoding=\"async\" loading=\"lazy\" width=\"800\" height=\"600\" data-id=\"778\"  src=\"https:\/\/carcacia.com\/wp-content\/uploads\/2022\/10\/Cruceiro-da-iglesia.jpg\" alt=\"\" class=\"wp-image-778\" srcset=\"https:\/\/carcacia.com\/wp-content\/uploads\/2022\/10\/Cruceiro-da-iglesia.jpg 800w, https:\/\/carcacia.com\/wp-content\/uploads\/2022\/10\/Cruceiro-da-iglesia-300x225.jpg 300w, https:\/\/carcacia.com\/wp-content\/uploads\/2022\/10\/Cruceiro-da-iglesia-768x576.jpg 768w\" sizes=\"(max-width: 800px) 100vw, 800px\" \/><\/a><figcaption class=\"wp-element-caption\">Cruceiro da Igrexa de Carcac\u00eda. <\/figcaption><\/figure>\n<\/figure>\n\n\n\n<p><\/p>\n\n\n\n<p>\u00bfQuen nacido antes dos anos 80 non se lembra de ir cos seus pais ou seus av\u00f3s a lavar a roupa \u00f3 lavadoiro da sua aldea, ou ir a coller auga \u00e1 fonte todos os dias \u00e1 hora de xantar?<\/p>\n\n\n\n<p>Os lavadoiros, agora abandoados porque xa non son necesarios, ata non fai moitos anos, non s\u00f3 eran unhas ferramentas totalmente esenciais na vida da aldea, senon que tamen eran uns aut\u00e9nticos centros sociais. <\/p>\n\n\n\n<p>En Carcac\u00eda temos moitos lavadoiros e moitas fontes. Alguns en mellor estado ca outros, pero case todos, a falta de unha man de limpeza, parecen totalmente operativos. <\/p>\n\n\n\n<figure class=\"is-layout-flex wp-block-gallery-3 wp-block-gallery has-nested-images columns-default is-cropped\">\n<figure class=\"wp-block-image size-large\"><a href=\"https:\/\/carcacia.com\/wp-content\/uploads\/2022\/10\/Fonte-de-Bandin.jpg\"><img decoding=\"async\" loading=\"lazy\" width=\"800\" height=\"600\" data-id=\"787\"  src=\"https:\/\/carcacia.com\/wp-content\/uploads\/2022\/10\/Fonte-de-Bandin.jpg\" alt=\"\" class=\"wp-image-787\" srcset=\"https:\/\/carcacia.com\/wp-content\/uploads\/2022\/10\/Fonte-de-Bandin.jpg 800w, https:\/\/carcacia.com\/wp-content\/uploads\/2022\/10\/Fonte-de-Bandin-300x225.jpg 300w, https:\/\/carcacia.com\/wp-content\/uploads\/2022\/10\/Fonte-de-Bandin-768x576.jpg 768w\" sizes=\"(max-width: 800px) 100vw, 800px\" \/><\/a><figcaption class=\"wp-element-caption\">Lavadoiro de Band\u00edn.<\/figcaption><\/figure>\n\n\n\n<figure class=\"wp-block-image size-large\"><a href=\"https:\/\/carcacia.com\/wp-content\/uploads\/2022\/10\/Fonte-de-Pousada.jpg\"><img decoding=\"async\" loading=\"lazy\" width=\"800\" height=\"600\" data-id=\"788\"  src=\"https:\/\/carcacia.com\/wp-content\/uploads\/2022\/10\/Fonte-de-Pousada.jpg\" alt=\"\" class=\"wp-image-788\" srcset=\"https:\/\/carcacia.com\/wp-content\/uploads\/2022\/10\/Fonte-de-Pousada.jpg 800w, https:\/\/carcacia.com\/wp-content\/uploads\/2022\/10\/Fonte-de-Pousada-300x225.jpg 300w, https:\/\/carcacia.com\/wp-content\/uploads\/2022\/10\/Fonte-de-Pousada-768x576.jpg 768w\" sizes=\"(max-width: 800px) 100vw, 800px\" \/><\/a><figcaption class=\"wp-element-caption\">Fonte de Pousada.<\/figcaption><\/figure>\n\n\n\n<figure class=\"wp-block-image size-large\"><a href=\"https:\/\/carcacia.com\/wp-content\/uploads\/2022\/10\/Lavadoiro-de-Berxaus-.jpg\"><img decoding=\"async\" loading=\"lazy\" width=\"800\" height=\"600\" data-id=\"789\"  src=\"https:\/\/carcacia.com\/wp-content\/uploads\/2022\/10\/Lavadoiro-de-Berxaus-.jpg\" alt=\"\" class=\"wp-image-789\" srcset=\"https:\/\/carcacia.com\/wp-content\/uploads\/2022\/10\/Lavadoiro-de-Berxaus-.jpg 800w, https:\/\/carcacia.com\/wp-content\/uploads\/2022\/10\/Lavadoiro-de-Berxaus--300x225.jpg 300w, https:\/\/carcacia.com\/wp-content\/uploads\/2022\/10\/Lavadoiro-de-Berxaus--768x576.jpg 768w\" sizes=\"(max-width: 800px) 100vw, 800px\" \/><\/a><figcaption class=\"wp-element-caption\">Lavadoiro de Berxaus.<\/figcaption><\/figure>\n\n\n\n<figure class=\"wp-block-image size-large\"><a href=\"https:\/\/carcacia.com\/wp-content\/uploads\/2022\/10\/Lavadoiro-de-Outeiro.jpg\"><img decoding=\"async\" loading=\"lazy\" width=\"800\" height=\"600\" data-id=\"790\"  src=\"https:\/\/carcacia.com\/wp-content\/uploads\/2022\/10\/Lavadoiro-de-Outeiro.jpg\" alt=\"\" class=\"wp-image-790\" srcset=\"https:\/\/carcacia.com\/wp-content\/uploads\/2022\/10\/Lavadoiro-de-Outeiro.jpg 800w, https:\/\/carcacia.com\/wp-content\/uploads\/2022\/10\/Lavadoiro-de-Outeiro-300x225.jpg 300w, https:\/\/carcacia.com\/wp-content\/uploads\/2022\/10\/Lavadoiro-de-Outeiro-768x576.jpg 768w\" sizes=\"(max-width: 800px) 100vw, 800px\" \/><\/a><figcaption class=\"wp-element-caption\">Lavadoiro de Outeiro.<\/figcaption><\/figure>\n\n\n\n<figure class=\"wp-block-image size-large\"><a href=\"https:\/\/carcacia.com\/wp-content\/uploads\/2022\/10\/Lavadoiro-de-Ribadulla.jpg\"><img decoding=\"async\" loading=\"lazy\" width=\"800\" height=\"600\" data-id=\"791\"  src=\"https:\/\/carcacia.com\/wp-content\/uploads\/2022\/10\/Lavadoiro-de-Ribadulla.jpg\" alt=\"\" class=\"wp-image-791\" srcset=\"https:\/\/carcacia.com\/wp-content\/uploads\/2022\/10\/Lavadoiro-de-Ribadulla.jpg 800w, https:\/\/carcacia.com\/wp-content\/uploads\/2022\/10\/Lavadoiro-de-Ribadulla-300x225.jpg 300w, https:\/\/carcacia.com\/wp-content\/uploads\/2022\/10\/Lavadoiro-de-Ribadulla-768x576.jpg 768w\" sizes=\"(max-width: 800px) 100vw, 800px\" \/><\/a><figcaption class=\"wp-element-caption\">Lavadoiro de Ribadulla.<\/figcaption><\/figure>\n\n\n\n<figure class=\"wp-block-image size-large\"><a href=\"https:\/\/carcacia.com\/wp-content\/uploads\/2022\/10\/Lavadoiro-de-Rumille.jpg\"><img decoding=\"async\" loading=\"lazy\" width=\"800\" height=\"600\" data-id=\"792\"  src=\"https:\/\/carcacia.com\/wp-content\/uploads\/2022\/10\/Lavadoiro-de-Rumille.jpg\" alt=\"\" class=\"wp-image-792\" srcset=\"https:\/\/carcacia.com\/wp-content\/uploads\/2022\/10\/Lavadoiro-de-Rumille.jpg 800w, https:\/\/carcacia.com\/wp-content\/uploads\/2022\/10\/Lavadoiro-de-Rumille-300x225.jpg 300w, https:\/\/carcacia.com\/wp-content\/uploads\/2022\/10\/Lavadoiro-de-Rumille-768x576.jpg 768w\" sizes=\"(max-width: 800px) 100vw, 800px\" \/><\/a><figcaption class=\"wp-element-caption\">Lavadoiro de Rumille.<\/figcaption><\/figure>\n\n\n\n<figure class=\"wp-block-image size-large\"><a href=\"https:\/\/carcacia.com\/wp-content\/uploads\/2022\/10\/Lavadoiro-de-Sobrerivas.jpg\"><img decoding=\"async\" loading=\"lazy\" width=\"800\" height=\"600\" data-id=\"793\"  src=\"https:\/\/carcacia.com\/wp-content\/uploads\/2022\/10\/Lavadoiro-de-Sobrerivas.jpg\" alt=\"\" class=\"wp-image-793\" srcset=\"https:\/\/carcacia.com\/wp-content\/uploads\/2022\/10\/Lavadoiro-de-Sobrerivas.jpg 800w, https:\/\/carcacia.com\/wp-content\/uploads\/2022\/10\/Lavadoiro-de-Sobrerivas-300x225.jpg 300w, https:\/\/carcacia.com\/wp-content\/uploads\/2022\/10\/Lavadoiro-de-Sobrerivas-768x576.jpg 768w\" sizes=\"(max-width: 800px) 100vw, 800px\" \/><\/a><figcaption class=\"wp-element-caption\">Lavadoiro de Sobrerrivas.<\/figcaption><\/figure>\n\n\n\n<figure class=\"wp-block-image size-large\"><a href=\"https:\/\/carcacia.com\/wp-content\/uploads\/2022\/10\/Lavadoiro-de-Xuane.jpg\"><img decoding=\"async\" loading=\"lazy\" width=\"800\" height=\"600\" data-id=\"794\"  src=\"https:\/\/carcacia.com\/wp-content\/uploads\/2022\/10\/Lavadoiro-de-Xuane.jpg\" alt=\"\" class=\"wp-image-794\" srcset=\"https:\/\/carcacia.com\/wp-content\/uploads\/2022\/10\/Lavadoiro-de-Xuane.jpg 800w, https:\/\/carcacia.com\/wp-content\/uploads\/2022\/10\/Lavadoiro-de-Xuane-300x225.jpg 300w, https:\/\/carcacia.com\/wp-content\/uploads\/2022\/10\/Lavadoiro-de-Xuane-768x576.jpg 768w\" sizes=\"(max-width: 800px) 100vw, 800px\" \/><\/a><figcaption class=\"wp-element-caption\">Lavadoiro de Xuane de abaixo.<\/figcaption><\/figure>\n\n\n\n<figure class=\"wp-block-image size-large\"><a href=\"https:\/\/carcacia.com\/wp-content\/uploads\/2022\/10\/Lavadoiro-do-Casal.jpg\"><img decoding=\"async\" loading=\"lazy\" width=\"800\" height=\"600\" data-id=\"795\"  src=\"https:\/\/carcacia.com\/wp-content\/uploads\/2022\/10\/Lavadoiro-do-Casal.jpg\" alt=\"\" class=\"wp-image-795\" srcset=\"https:\/\/carcacia.com\/wp-content\/uploads\/2022\/10\/Lavadoiro-do-Casal.jpg 800w, https:\/\/carcacia.com\/wp-content\/uploads\/2022\/10\/Lavadoiro-do-Casal-300x225.jpg 300w, https:\/\/carcacia.com\/wp-content\/uploads\/2022\/10\/Lavadoiro-do-Casal-768x576.jpg 768w\" sizes=\"(max-width: 800px) 100vw, 800px\" \/><\/a><figcaption class=\"wp-element-caption\">Lavadoiro de Casal.<\/figcaption><\/figure>\n<\/figure>\n\n\n\n<p><\/p>\n","protected":false},"excerpt":{"rendered":"<p>Calc\u00falase que en Galicia hai entre 10mil e 15mil cruceiros de pedra, e como non, en Carcac\u00eda temos alguns. Estes monumentos constituen unha das mais significativas mostras do arte popular e alguns gardan curiosas lendas. Dise que estes cruceiros que &hellip; <a href=\"https:\/\/carcacia.com\/?page_id=182\">Sigue lendo <span class=\"meta-nav\">&rarr;<\/span><\/a><\/p>\n","protected":false},"author":1,"featured_media":0,"parent":0,"menu_order":0,"comment_status":"closed","ping_status":"closed","template":"","meta":[],"_links":{"self":[{"href":"https:\/\/carcacia.com\/index.php?rest_route=\/wp\/v2\/pages\/182"}],"collection":[{"href":"https:\/\/carcacia.com\/index.php?rest_route=\/wp\/v2\/pages"}],"about":[{"href":"https:\/\/carcacia.com\/index.php?rest_route=\/wp\/v2\/types\/page"}],"author":[{"embeddable":true,"href":"https:\/\/carcacia.com\/index.php?rest_route=\/wp\/v2\/users\/1"}],"replies":[{"embeddable":true,"href":"https:\/\/carcacia.com\/index.php?rest_route=%2Fwp%2Fv2%2Fcomments&post=182"}],"version-history":[{"count":9,"href":"https:\/\/carcacia.com\/index.php?rest_route=\/wp\/v2\/pages\/182\/revisions"}],"predecessor-version":[{"id":1015,"href":"https:\/\/carcacia.com\/index.php?rest_route=\/wp\/v2\/pages\/182\/revisions\/1015"}],"wp:attachment":[{"href":"https:\/\/carcacia.com\/index.php?rest_route=%2Fwp%2Fv2%2Fmedia&parent=182"}],"curies":[{"name":"wp","href":"https:\/\/api.w.org\/{rel}","templated":true}]}}