{"id":178,"date":"2020-01-27T14:51:27","date_gmt":"2020-01-27T14:51:27","guid":{"rendered":"http:\/\/carcacia.com\/?page_id=178"},"modified":"2023-01-04T07:58:48","modified_gmt":"2023-01-04T07:58:48","slug":"escolas-e-campo-de-festas-de-pousada","status":"publish","type":"page","link":"https:\/\/carcacia.com\/?page_id=178","title":{"rendered":"Escolas e campo de festas de Pousada."},"content":{"rendered":"\n<div class=\"is-layout-flex wp-container-3 wp-block-columns\">\n<div class=\"is-layout-flow wp-block-column\">\n<p>Este edificio antigo a car\u00f3n da carretera foi unha construcci\u00f3n moi importante para a parroquia ata os anos 90. Estaba dividida en 4 zonas. A parte superior dereita era onde os mais pequechos da parroquia comezaban a sua vida escolar, parbulitos. Xusto debaixo era o local de reuni\u00f3ns da antiga asociaci\u00f3n do gando, ainda que tamen se usaba para outro tipo de reuni\u00f3ns, e ata actividades extraescolares como clases de reforzo ou outros cursos. A parte esquerda era a escola dos &#8220;maiores&#8221;, que comprend\u00eda os cursos dende primeiro ata cuarto de EXB. O aula estaba na parte de abaixo, e a de arriba era a vivenda para os profesores, cousa que era moi habitual por aqueles anos. <\/p>\n<\/div>\n\n\n\n<div class=\"is-layout-flow wp-block-column\">\n<figure class=\"wp-block-image size-large is-resized is-style-default\"><a href=\"https:\/\/carcacia.com\/wp-content\/uploads\/2022\/10\/escuelas-vellas.jpg\"><img decoding=\"async\" loading=\"lazy\" src=\"https:\/\/carcacia.com\/wp-content\/uploads\/2022\/10\/escuelas-vellas-1024x858.jpg\" alt=\"\" class=\"wp-image-875\" width=\"208\" height=\"175\" srcset=\"https:\/\/carcacia.com\/wp-content\/uploads\/2022\/10\/escuelas-vellas-1024x858.jpg 1024w, https:\/\/carcacia.com\/wp-content\/uploads\/2022\/10\/escuelas-vellas-300x251.jpg 300w, https:\/\/carcacia.com\/wp-content\/uploads\/2022\/10\/escuelas-vellas-768x644.jpg 768w, https:\/\/carcacia.com\/wp-content\/uploads\/2022\/10\/escuelas-vellas-1536x1287.jpg 1536w, https:\/\/carcacia.com\/wp-content\/uploads\/2022\/10\/escuelas-vellas-2048x1716.jpg 2048w\" sizes=\"(max-width: 208px) 100vw, 208px\" \/><\/a><\/figure>\n<\/div>\n<\/div>\n\n\n\n<div class=\"is-layout-flex wp-container-6 wp-block-columns\">\n<div class=\"is-layout-flow wp-block-column\">\n<figure class=\"wp-block-image size-large is-resized is-style-default\"><a href=\"https:\/\/carcacia.com\/wp-content\/uploads\/2022\/10\/esculas-vellas-tras-scaled.jpg\"><img decoding=\"async\" loading=\"lazy\" src=\"https:\/\/carcacia.com\/wp-content\/uploads\/2022\/10\/esculas-vellas-tras-1024x708.jpg\" alt=\"\" class=\"wp-image-880\" width=\"220\" height=\"152\" srcset=\"https:\/\/carcacia.com\/wp-content\/uploads\/2022\/10\/esculas-vellas-tras-1024x708.jpg 1024w, https:\/\/carcacia.com\/wp-content\/uploads\/2022\/10\/esculas-vellas-tras-300x207.jpg 300w, https:\/\/carcacia.com\/wp-content\/uploads\/2022\/10\/esculas-vellas-tras-768x531.jpg 768w, https:\/\/carcacia.com\/wp-content\/uploads\/2022\/10\/esculas-vellas-tras-1536x1062.jpg 1536w, https:\/\/carcacia.com\/wp-content\/uploads\/2022\/10\/esculas-vellas-tras-2048x1415.jpg 2048w\" sizes=\"(max-width: 220px) 100vw, 220px\" \/><\/a><\/figure>\n<\/div>\n\n\n\n<div class=\"is-layout-flow wp-block-column\">\n<p>Moitos de n\u00f3s ainda lembramos cando toda a zona detras das escolas era monte, e tan s\u00f3 exist\u00eda al\u00ed un pequeni\u00f1o campo para xogar \u00e1 pelota, e unha caseta que fac\u00eda as funcions de un water, \u00f3 que comunmente se lle chamaba o &#8220;cajanucho&#8221;.<\/p>\n<\/div>\n<\/div>\n\n\n\n<div class=\"is-layout-flex wp-container-9 wp-block-columns\">\n<div class=\"is-layout-flow wp-block-column\">\n<p>A finais dos 90, arrasouse o monte posterior \u00e1 escola de uns 5 mil metros cadrados para dar lugar \u00f3 que agora \u00e9 o campo de festas, escolas novas, casa cultural e cantina.<\/p>\n<\/div>\n\n\n\n<div class=\"is-layout-flow wp-block-column\">\n<figure class=\"wp-block-image size-large is-resized is-style-default\"><a href=\"https:\/\/carcacia.com\/wp-content\/uploads\/2022\/10\/DJI_0305-scaled.jpg\"><img decoding=\"async\" loading=\"lazy\" src=\"https:\/\/carcacia.com\/wp-content\/uploads\/2022\/10\/DJI_0305-1024x576.jpg\" alt=\"\" class=\"wp-image-887\" width=\"259\" height=\"146\" srcset=\"https:\/\/carcacia.com\/wp-content\/uploads\/2022\/10\/DJI_0305-1024x576.jpg 1024w, https:\/\/carcacia.com\/wp-content\/uploads\/2022\/10\/DJI_0305-300x169.jpg 300w, https:\/\/carcacia.com\/wp-content\/uploads\/2022\/10\/DJI_0305-768x432.jpg 768w, https:\/\/carcacia.com\/wp-content\/uploads\/2022\/10\/DJI_0305-1536x864.jpg 1536w, https:\/\/carcacia.com\/wp-content\/uploads\/2022\/10\/DJI_0305-2048x1152.jpg 2048w\" sizes=\"(max-width: 259px) 100vw, 259px\" \/><\/a><\/figure>\n\n\n\n<p><\/p>\n<\/div>\n<\/div>\n\n\n\n<p>Seg\u00fan nos consta, no ano 1992 engad\u00edronse 2 novas construccions. O Centro de Ensino de Infantil e Primaria, CEIP de Carcac\u00eda, e tamen o Centro SocioCultural. E uns cantos anos mais tarde, a cantina. <\/p>\n\n\n\n<p><\/p>\n\n\n\n<p><strong>GALER\u00cdA:<\/strong> (click sobre a imaxe para vela en grande)<\/p>\n\n\n\n<figure class=\"is-layout-flex wp-block-gallery-10 wp-block-gallery has-nested-images columns-default is-cropped\">\n<figure class=\"wp-block-image size-full\"><a href=\"https:\/\/carcacia.com\/wp-content\/uploads\/2023\/01\/Panorama_CANTINA-scaled.jpg\"><img decoding=\"async\" loading=\"lazy\" width=\"2560\" height=\"1218\" data-id=\"922\"  src=\"https:\/\/carcacia.com\/wp-content\/uploads\/2023\/01\/Panorama_CANTINA-scaled.jpg\" alt=\"\" class=\"wp-image-922\" srcset=\"https:\/\/carcacia.com\/wp-content\/uploads\/2023\/01\/Panorama_CANTINA-scaled.jpg 2560w, https:\/\/carcacia.com\/wp-content\/uploads\/2023\/01\/Panorama_CANTINA-300x143.jpg 300w, https:\/\/carcacia.com\/wp-content\/uploads\/2023\/01\/Panorama_CANTINA-1024x487.jpg 1024w, https:\/\/carcacia.com\/wp-content\/uploads\/2023\/01\/Panorama_CANTINA-768x365.jpg 768w, https:\/\/carcacia.com\/wp-content\/uploads\/2023\/01\/Panorama_CANTINA-1536x731.jpg 1536w, https:\/\/carcacia.com\/wp-content\/uploads\/2023\/01\/Panorama_CANTINA-2048x974.jpg 2048w\" sizes=\"(max-width: 2560px) 100vw, 2560px\" \/><\/a><\/figure>\n\n\n\n<figure class=\"wp-block-image size-full\"><a href=\"https:\/\/carcacia.com\/wp-content\/uploads\/2023\/01\/DJI_0299-scaled.jpg\"><img decoding=\"async\" loading=\"lazy\" width=\"2560\" height=\"1440\" data-id=\"928\"  src=\"https:\/\/carcacia.com\/wp-content\/uploads\/2023\/01\/DJI_0299-scaled.jpg\" alt=\"\" class=\"wp-image-928\" srcset=\"https:\/\/carcacia.com\/wp-content\/uploads\/2023\/01\/DJI_0299-scaled.jpg 2560w, https:\/\/carcacia.com\/wp-content\/uploads\/2023\/01\/DJI_0299-300x169.jpg 300w, https:\/\/carcacia.com\/wp-content\/uploads\/2023\/01\/DJI_0299-1024x576.jpg 1024w, https:\/\/carcacia.com\/wp-content\/uploads\/2023\/01\/DJI_0299-768x432.jpg 768w, https:\/\/carcacia.com\/wp-content\/uploads\/2023\/01\/DJI_0299-1536x864.jpg 1536w, https:\/\/carcacia.com\/wp-content\/uploads\/2023\/01\/DJI_0299-2048x1152.jpg 2048w\" sizes=\"(max-width: 2560px) 100vw, 2560px\" \/><\/a><\/figure>\n\n\n\n<figure class=\"wp-block-image size-full\"><a href=\"https:\/\/carcacia.com\/wp-content\/uploads\/2023\/01\/DJI_0307-scaled.jpg\"><img decoding=\"async\" loading=\"lazy\" width=\"2560\" height=\"1440\" data-id=\"929\"  src=\"https:\/\/carcacia.com\/wp-content\/uploads\/2023\/01\/DJI_0307-scaled.jpg\" alt=\"\" class=\"wp-image-929\" srcset=\"https:\/\/carcacia.com\/wp-content\/uploads\/2023\/01\/DJI_0307-scaled.jpg 2560w, https:\/\/carcacia.com\/wp-content\/uploads\/2023\/01\/DJI_0307-300x169.jpg 300w, https:\/\/carcacia.com\/wp-content\/uploads\/2023\/01\/DJI_0307-1024x576.jpg 1024w, https:\/\/carcacia.com\/wp-content\/uploads\/2023\/01\/DJI_0307-768x432.jpg 768w, https:\/\/carcacia.com\/wp-content\/uploads\/2023\/01\/DJI_0307-1536x864.jpg 1536w, https:\/\/carcacia.com\/wp-content\/uploads\/2023\/01\/DJI_0307-2048x1152.jpg 2048w\" sizes=\"(max-width: 2560px) 100vw, 2560px\" \/><\/a><\/figure>\n\n\n\n<figure class=\"wp-block-image size-full\"><a href=\"https:\/\/carcacia.com\/wp-content\/uploads\/2023\/01\/DJI_0306-scaled.jpg\"><img decoding=\"async\" loading=\"lazy\" width=\"2560\" height=\"1440\" data-id=\"926\"  src=\"https:\/\/carcacia.com\/wp-content\/uploads\/2023\/01\/DJI_0306-scaled.jpg\" alt=\"\" class=\"wp-image-926\" srcset=\"https:\/\/carcacia.com\/wp-content\/uploads\/2023\/01\/DJI_0306-scaled.jpg 2560w, https:\/\/carcacia.com\/wp-content\/uploads\/2023\/01\/DJI_0306-300x169.jpg 300w, https:\/\/carcacia.com\/wp-content\/uploads\/2023\/01\/DJI_0306-1024x576.jpg 1024w, https:\/\/carcacia.com\/wp-content\/uploads\/2023\/01\/DJI_0306-768x432.jpg 768w, https:\/\/carcacia.com\/wp-content\/uploads\/2023\/01\/DJI_0306-1536x864.jpg 1536w, https:\/\/carcacia.com\/wp-content\/uploads\/2023\/01\/DJI_0306-2048x1152.jpg 2048w\" sizes=\"(max-width: 2560px) 100vw, 2560px\" \/><\/a><\/figure>\n\n\n\n<figure class=\"wp-block-image size-full\"><a href=\"https:\/\/carcacia.com\/wp-content\/uploads\/2023\/01\/DJI_0304-scaled.jpg\"><img decoding=\"async\" loading=\"lazy\" width=\"2560\" height=\"1440\" data-id=\"927\"  src=\"https:\/\/carcacia.com\/wp-content\/uploads\/2023\/01\/DJI_0304-scaled.jpg\" alt=\"\" class=\"wp-image-927\" srcset=\"https:\/\/carcacia.com\/wp-content\/uploads\/2023\/01\/DJI_0304-scaled.jpg 2560w, https:\/\/carcacia.com\/wp-content\/uploads\/2023\/01\/DJI_0304-300x169.jpg 300w, https:\/\/carcacia.com\/wp-content\/uploads\/2023\/01\/DJI_0304-1024x576.jpg 1024w, https:\/\/carcacia.com\/wp-content\/uploads\/2023\/01\/DJI_0304-768x432.jpg 768w, https:\/\/carcacia.com\/wp-content\/uploads\/2023\/01\/DJI_0304-1536x864.jpg 1536w, https:\/\/carcacia.com\/wp-content\/uploads\/2023\/01\/DJI_0304-2048x1152.jpg 2048w\" sizes=\"(max-width: 2560px) 100vw, 2560px\" \/><\/a><\/figure>\n\n\n\n<figure class=\"wp-block-image size-full\"><a href=\"https:\/\/carcacia.com\/wp-content\/uploads\/2023\/01\/Panorama_CULTURAL-ESCOLA-VELLA-scaled.jpg\"><img decoding=\"async\" loading=\"lazy\" width=\"2560\" height=\"838\" data-id=\"924\"  src=\"https:\/\/carcacia.com\/wp-content\/uploads\/2023\/01\/Panorama_CULTURAL-ESCOLA-VELLA-scaled.jpg\" alt=\"\" class=\"wp-image-924\" srcset=\"https:\/\/carcacia.com\/wp-content\/uploads\/2023\/01\/Panorama_CULTURAL-ESCOLA-VELLA-scaled.jpg 2560w, https:\/\/carcacia.com\/wp-content\/uploads\/2023\/01\/Panorama_CULTURAL-ESCOLA-VELLA-300x98.jpg 300w, https:\/\/carcacia.com\/wp-content\/uploads\/2023\/01\/Panorama_CULTURAL-ESCOLA-VELLA-1024x335.jpg 1024w, https:\/\/carcacia.com\/wp-content\/uploads\/2023\/01\/Panorama_CULTURAL-ESCOLA-VELLA-768x251.jpg 768w, https:\/\/carcacia.com\/wp-content\/uploads\/2023\/01\/Panorama_CULTURAL-ESCOLA-VELLA-1536x503.jpg 1536w, https:\/\/carcacia.com\/wp-content\/uploads\/2023\/01\/Panorama_CULTURAL-ESCOLA-VELLA-2048x670.jpg 2048w\" sizes=\"(max-width: 2560px) 100vw, 2560px\" \/><\/a><\/figure>\n\n\n\n<figure class=\"wp-block-image size-full\"><a href=\"https:\/\/carcacia.com\/wp-content\/uploads\/2023\/01\/Panorama_CAMPO-A-RABADENLA-scaled.jpg\"><img decoding=\"async\" loading=\"lazy\" width=\"2560\" height=\"1107\" data-id=\"921\"  src=\"https:\/\/carcacia.com\/wp-content\/uploads\/2023\/01\/Panorama_CAMPO-A-RABADENLA-scaled.jpg\" alt=\"\" class=\"wp-image-921\" srcset=\"https:\/\/carcacia.com\/wp-content\/uploads\/2023\/01\/Panorama_CAMPO-A-RABADENLA-scaled.jpg 2560w, https:\/\/carcacia.com\/wp-content\/uploads\/2023\/01\/Panorama_CAMPO-A-RABADENLA-300x130.jpg 300w, https:\/\/carcacia.com\/wp-content\/uploads\/2023\/01\/Panorama_CAMPO-A-RABADENLA-1024x443.jpg 1024w, https:\/\/carcacia.com\/wp-content\/uploads\/2023\/01\/Panorama_CAMPO-A-RABADENLA-768x332.jpg 768w, https:\/\/carcacia.com\/wp-content\/uploads\/2023\/01\/Panorama_CAMPO-A-RABADENLA-1536x664.jpg 1536w, https:\/\/carcacia.com\/wp-content\/uploads\/2023\/01\/Panorama_CAMPO-A-RABADENLA-2048x886.jpg 2048w\" sizes=\"(max-width: 2560px) 100vw, 2560px\" \/><\/a><\/figure>\n\n\n\n<figure class=\"wp-block-image size-full\"><a href=\"https:\/\/carcacia.com\/wp-content\/uploads\/2023\/01\/Panorama_UNITARIA-scaled.jpg\"><img decoding=\"async\" loading=\"lazy\" width=\"2560\" height=\"975\" data-id=\"923\"  src=\"https:\/\/carcacia.com\/wp-content\/uploads\/2023\/01\/Panorama_UNITARIA-scaled.jpg\" alt=\"\" class=\"wp-image-923\" srcset=\"https:\/\/carcacia.com\/wp-content\/uploads\/2023\/01\/Panorama_UNITARIA-scaled.jpg 2560w, https:\/\/carcacia.com\/wp-content\/uploads\/2023\/01\/Panorama_UNITARIA-300x114.jpg 300w, https:\/\/carcacia.com\/wp-content\/uploads\/2023\/01\/Panorama_UNITARIA-1024x390.jpg 1024w, https:\/\/carcacia.com\/wp-content\/uploads\/2023\/01\/Panorama_UNITARIA-768x293.jpg 768w, https:\/\/carcacia.com\/wp-content\/uploads\/2023\/01\/Panorama_UNITARIA-1536x585.jpg 1536w, https:\/\/carcacia.com\/wp-content\/uploads\/2023\/01\/Panorama_UNITARIA-2048x780.jpg 2048w\" sizes=\"(max-width: 2560px) 100vw, 2560px\" \/><\/a><\/figure>\n\n\n\n<figure class=\"wp-block-image size-full\"><a href=\"https:\/\/carcacia.com\/wp-content\/uploads\/2023\/01\/Escola-Vella-scaled.jpg\"><img decoding=\"async\" loading=\"lazy\" width=\"2560\" height=\"1707\" data-id=\"920\"  src=\"https:\/\/carcacia.com\/wp-content\/uploads\/2023\/01\/Escola-Vella-scaled.jpg\" alt=\"\" class=\"wp-image-920\" srcset=\"https:\/\/carcacia.com\/wp-content\/uploads\/2023\/01\/Escola-Vella-scaled.jpg 2560w, https:\/\/carcacia.com\/wp-content\/uploads\/2023\/01\/Escola-Vella-300x200.jpg 300w, https:\/\/carcacia.com\/wp-content\/uploads\/2023\/01\/Escola-Vella-1024x683.jpg 1024w, https:\/\/carcacia.com\/wp-content\/uploads\/2023\/01\/Escola-Vella-768x512.jpg 768w, https:\/\/carcacia.com\/wp-content\/uploads\/2023\/01\/Escola-Vella-1536x1024.jpg 1536w, https:\/\/carcacia.com\/wp-content\/uploads\/2023\/01\/Escola-Vella-2048x1365.jpg 2048w\" sizes=\"(max-width: 2560px) 100vw, 2560px\" \/><\/a><\/figure>\n<\/figure>\n\n\n\n<p><\/p>\n\n\n\n<p><strong>Situaci\u00f3n xeogr\u00e1fica:<\/strong><\/p>\n\n\n\n<iframe src=\"https:\/\/www.google.com\/maps\/embed?pb=!1m18!1m12!1m3!1d832.5964146169957!2d-8.597949170755616!3d42.74977798350462!2m3!1f0!2f0!3f0!3m2!1i1024!2i768!4f13.1!3m3!1m2!1s0x0%3A0x9cf4f9916e1c3bd2!2zNDLCsDQ0JzU5LjIiTiA4wrAzNSc1MC43Ilc!5e1!3m2!1ses!2ses!4v1672818880752!5m2!1ses!2ses\" width=\"600\" height=\"450\" style=\"border:0;\" allowfullscreen=\"\" loading=\"lazy\" referrerpolicy=\"no-referrer-when-downgrade\"><\/iframe>\n","protected":false},"excerpt":{"rendered":"<p>Este edificio antigo a car\u00f3n da carretera foi unha construcci\u00f3n moi importante para a parroquia ata os anos 90. Estaba dividida en 4 zonas. A parte superior dereita era onde os mais pequechos da parroquia comezaban a sua vida escolar, &hellip; <a href=\"https:\/\/carcacia.com\/?page_id=178\">Sigue lendo <span class=\"meta-nav\">&rarr;<\/span><\/a><\/p>\n","protected":false},"author":1,"featured_media":0,"parent":0,"menu_order":0,"comment_status":"closed","ping_status":"closed","template":"","meta":[],"_links":{"self":[{"href":"https:\/\/carcacia.com\/index.php?rest_route=\/wp\/v2\/pages\/178"}],"collection":[{"href":"https:\/\/carcacia.com\/index.php?rest_route=\/wp\/v2\/pages"}],"about":[{"href":"https:\/\/carcacia.com\/index.php?rest_route=\/wp\/v2\/types\/page"}],"author":[{"embeddable":true,"href":"https:\/\/carcacia.com\/index.php?rest_route=\/wp\/v2\/users\/1"}],"replies":[{"embeddable":true,"href":"https:\/\/carcacia.com\/index.php?rest_route=%2Fwp%2Fv2%2Fcomments&post=178"}],"version-history":[{"count":27,"href":"https:\/\/carcacia.com\/index.php?rest_route=\/wp\/v2\/pages\/178\/revisions"}],"predecessor-version":[{"id":936,"href":"https:\/\/carcacia.com\/index.php?rest_route=\/wp\/v2\/pages\/178\/revisions\/936"}],"wp:attachment":[{"href":"https:\/\/carcacia.com\/index.php?rest_route=%2Fwp%2Fv2%2Fmedia&parent=178"}],"curies":[{"name":"wp","href":"https:\/\/api.w.org\/{rel}","templated":true}]}}