{"id":173,"date":"2020-01-27T14:49:45","date_gmt":"2020-01-27T14:49:45","guid":{"rendered":"http:\/\/carcacia.com\/?page_id=173"},"modified":"2023-01-04T16:32:59","modified_gmt":"2023-01-04T16:32:59","slug":"igrexa-de-bandin","status":"publish","type":"page","link":"https:\/\/carcacia.com\/?page_id=173","title":{"rendered":"Capela da Nosa Se\u00f1ora da Merc\u00e9 de Band\u00edn."},"content":{"rendered":"\n<p>Esta capela data do s\u00e9culo XVIII. Consta dunha pranta de cruz latina, con presbiterio destacado e mamposter\u00eda e siller\u00eda de granito. Na fachada principal ten unha porta con orellas moldeadas, un pinche con beiril que serve de p\u00e9 a espadana dun s\u00f3 corpo con pilastras afundidas e moldeado, remata en triangulo curvo \u00f3 que lle falta o beiril e a cruz.<\/p>\n\n\n\n<figure class=\"wp-block-image size-large is-resized\"><a href=\"https:\/\/carcacia.com\/wp-content\/uploads\/2022\/05\/igrexaB1.jpg\"><img decoding=\"async\" loading=\"lazy\" src=\"https:\/\/carcacia.com\/wp-content\/uploads\/2022\/05\/igrexaB1.jpg\" alt=\"\" class=\"wp-image-468\" width=\"323\" height=\"242\" srcset=\"https:\/\/carcacia.com\/wp-content\/uploads\/2022\/05\/igrexaB1.jpg 800w, https:\/\/carcacia.com\/wp-content\/uploads\/2022\/05\/igrexaB1-300x225.jpg 300w, https:\/\/carcacia.com\/wp-content\/uploads\/2022\/05\/igrexaB1-768x576.jpg 768w\" sizes=\"(max-width: 323px) 100vw, 323px\" \/><\/a><\/figure>\n\n\n\n<p>Ata mediados do s\u00e9culo XX os finados en Band\u00edn recib\u00edan sepultura no cemiterio de San Pedro de Carcac\u00eda. Para iso os cadaleitos transport\u00e1banse en barca ao outro lado do rio. Como en \u00e9pocas de crecida ti\u00f1an que esperar un ou dous dias, arbitrouse como soluci\u00f3n que recibir\u00edan sepultura no cemiterio de San Miguel de Barcala, pertencente \u00f3 concello da Estrada, onde seguen a facelo hoxe en d\u00eda. Incluso na mencionada igrexa celebran todo tipo de cerimonias, pois a capela da Merced s\u00f3 se abre o 24 de Setembro, festividade da patroa.<\/p>\n\n\n\n<figure class=\"is-layout-flex wp-block-gallery-1 wp-block-gallery has-nested-images columns-2 is-cropped\">\n<figure class=\"wp-block-image size-full\"><a href=\"https:\/\/carcacia.com\/wp-content\/uploads\/2022\/05\/DJI_0260-scaled.jpg\"><img decoding=\"async\" loading=\"lazy\" width=\"2560\" height=\"1440\" data-id=\"538\"  src=\"https:\/\/carcacia.com\/wp-content\/uploads\/2022\/05\/DJI_0260-scaled.jpg\" alt=\"\" class=\"wp-image-538\" srcset=\"https:\/\/carcacia.com\/wp-content\/uploads\/2022\/05\/DJI_0260-scaled.jpg 2560w, https:\/\/carcacia.com\/wp-content\/uploads\/2022\/05\/DJI_0260-300x169.jpg 300w, https:\/\/carcacia.com\/wp-content\/uploads\/2022\/05\/DJI_0260-1024x576.jpg 1024w, https:\/\/carcacia.com\/wp-content\/uploads\/2022\/05\/DJI_0260-768x432.jpg 768w, https:\/\/carcacia.com\/wp-content\/uploads\/2022\/05\/DJI_0260-1536x864.jpg 1536w, https:\/\/carcacia.com\/wp-content\/uploads\/2022\/05\/DJI_0260-2048x1152.jpg 2048w\" sizes=\"(max-width: 2560px) 100vw, 2560px\" \/><\/a><\/figure>\n\n\n\n<figure class=\"wp-block-image size-full\"><a href=\"https:\/\/carcacia.com\/wp-content\/uploads\/2022\/05\/DJI_0262-scaled.jpg\"><img decoding=\"async\" loading=\"lazy\" width=\"2560\" height=\"1440\" data-id=\"539\"  src=\"https:\/\/carcacia.com\/wp-content\/uploads\/2022\/05\/DJI_0262-scaled.jpg\" alt=\"\" class=\"wp-image-539\" srcset=\"https:\/\/carcacia.com\/wp-content\/uploads\/2022\/05\/DJI_0262-scaled.jpg 2560w, https:\/\/carcacia.com\/wp-content\/uploads\/2022\/05\/DJI_0262-300x169.jpg 300w, https:\/\/carcacia.com\/wp-content\/uploads\/2022\/05\/DJI_0262-1024x576.jpg 1024w, https:\/\/carcacia.com\/wp-content\/uploads\/2022\/05\/DJI_0262-768x432.jpg 768w, https:\/\/carcacia.com\/wp-content\/uploads\/2022\/05\/DJI_0262-1536x864.jpg 1536w, https:\/\/carcacia.com\/wp-content\/uploads\/2022\/05\/DJI_0262-2048x1152.jpg 2048w\" sizes=\"(max-width: 2560px) 100vw, 2560px\" \/><\/a><\/figure>\n\n\n\n<figure class=\"wp-block-image size-full\"><a href=\"https:\/\/carcacia.com\/wp-content\/uploads\/2022\/05\/DJI_0265-scaled.jpg\"><img decoding=\"async\" loading=\"lazy\" width=\"2560\" height=\"1440\" data-id=\"540\"  src=\"https:\/\/carcacia.com\/wp-content\/uploads\/2022\/05\/DJI_0265-scaled.jpg\" alt=\"\" class=\"wp-image-540\" srcset=\"https:\/\/carcacia.com\/wp-content\/uploads\/2022\/05\/DJI_0265-scaled.jpg 2560w, https:\/\/carcacia.com\/wp-content\/uploads\/2022\/05\/DJI_0265-300x169.jpg 300w, https:\/\/carcacia.com\/wp-content\/uploads\/2022\/05\/DJI_0265-1024x576.jpg 1024w, https:\/\/carcacia.com\/wp-content\/uploads\/2022\/05\/DJI_0265-768x432.jpg 768w, https:\/\/carcacia.com\/wp-content\/uploads\/2022\/05\/DJI_0265-1536x864.jpg 1536w, https:\/\/carcacia.com\/wp-content\/uploads\/2022\/05\/DJI_0265-2048x1152.jpg 2048w\" sizes=\"(max-width: 2560px) 100vw, 2560px\" \/><\/a><\/figure>\n\n\n\n<figure class=\"wp-block-image size-full\"><a href=\"https:\/\/carcacia.com\/wp-content\/uploads\/2022\/05\/DJI_0268-scaled.jpg\"><img decoding=\"async\" loading=\"lazy\" width=\"2560\" height=\"1440\" data-id=\"541\"  src=\"https:\/\/carcacia.com\/wp-content\/uploads\/2022\/05\/DJI_0268-scaled.jpg\" alt=\"\" class=\"wp-image-541\" srcset=\"https:\/\/carcacia.com\/wp-content\/uploads\/2022\/05\/DJI_0268-scaled.jpg 2560w, https:\/\/carcacia.com\/wp-content\/uploads\/2022\/05\/DJI_0268-300x169.jpg 300w, https:\/\/carcacia.com\/wp-content\/uploads\/2022\/05\/DJI_0268-1024x576.jpg 1024w, https:\/\/carcacia.com\/wp-content\/uploads\/2022\/05\/DJI_0268-768x432.jpg 768w, https:\/\/carcacia.com\/wp-content\/uploads\/2022\/05\/DJI_0268-1536x864.jpg 1536w, https:\/\/carcacia.com\/wp-content\/uploads\/2022\/05\/DJI_0268-2048x1152.jpg 2048w\" sizes=\"(max-width: 2560px) 100vw, 2560px\" \/><\/a><\/figure>\n<\/figure>\n\n\n\n<p>Esta ermida foi reconstruida xa duas veces. Unha para substituir a primeria edificaci\u00f3n rom\u00e1nica, e outra sobre a edificaci\u00f3n g\u00f3tica para quedares como se ve agora, pertencente \u00f3 estilo barroco.<\/p>\n\n\n\n<p>Unha vez no interior, vemos que consta de unha soa nave con duas capelas laterais. A uns metros da porta principal, existe un enreixado de forxa que unha vez pechado, impide o paso hacia o cruceiro central. Dito cruceiro ten unha b\u00f3veda de cruzar\u00eda, e as capelas te\u00f1en cadans\u00faa b\u00f3veda de can\u00f3n con arcos de medio punto. <\/p>\n\n\n\n<figure class=\"is-layout-flex wp-block-gallery-3 wp-block-gallery has-nested-images columns-default is-cropped\">\n<figure class=\"wp-block-image size-full\"><a href=\"https:\/\/carcacia.com\/wp-content\/uploads\/2022\/05\/Captura-de-pantalla-de-2022-05-19-12-48-42-1.png\"><img decoding=\"async\" loading=\"lazy\" width=\"1268\" height=\"836\" data-id=\"720\"  src=\"https:\/\/carcacia.com\/wp-content\/uploads\/2022\/05\/Captura-de-pantalla-de-2022-05-19-12-48-42-1.png\" alt=\"\" class=\"wp-image-720\" srcset=\"https:\/\/carcacia.com\/wp-content\/uploads\/2022\/05\/Captura-de-pantalla-de-2022-05-19-12-48-42-1.png 1268w, https:\/\/carcacia.com\/wp-content\/uploads\/2022\/05\/Captura-de-pantalla-de-2022-05-19-12-48-42-1-300x198.png 300w, https:\/\/carcacia.com\/wp-content\/uploads\/2022\/05\/Captura-de-pantalla-de-2022-05-19-12-48-42-1-1024x675.png 1024w, https:\/\/carcacia.com\/wp-content\/uploads\/2022\/05\/Captura-de-pantalla-de-2022-05-19-12-48-42-1-768x506.png 768w\" sizes=\"(max-width: 1268px) 100vw, 1268px\" \/><\/a><\/figure>\n\n\n\n<figure class=\"wp-block-image size-full\"><a href=\"https:\/\/carcacia.com\/wp-content\/uploads\/2022\/05\/Captura-de-pantalla-de-2022-05-19-13-05-35-1.png\"><img decoding=\"async\" loading=\"lazy\" width=\"1262\" height=\"833\" data-id=\"723\"  src=\"https:\/\/carcacia.com\/wp-content\/uploads\/2022\/05\/Captura-de-pantalla-de-2022-05-19-13-05-35-1.png\" alt=\"\" class=\"wp-image-723\" srcset=\"https:\/\/carcacia.com\/wp-content\/uploads\/2022\/05\/Captura-de-pantalla-de-2022-05-19-13-05-35-1.png 1262w, https:\/\/carcacia.com\/wp-content\/uploads\/2022\/05\/Captura-de-pantalla-de-2022-05-19-13-05-35-1-300x198.png 300w, https:\/\/carcacia.com\/wp-content\/uploads\/2022\/05\/Captura-de-pantalla-de-2022-05-19-13-05-35-1-1024x676.png 1024w, https:\/\/carcacia.com\/wp-content\/uploads\/2022\/05\/Captura-de-pantalla-de-2022-05-19-13-05-35-1-768x507.png 768w\" sizes=\"(max-width: 1262px) 100vw, 1262px\" \/><\/a><\/figure>\n\n\n\n<figure class=\"wp-block-image size-full\"><a href=\"https:\/\/carcacia.com\/wp-content\/uploads\/2022\/05\/Captura-de-pantalla-de-2022-05-19-13-12-32-1.png\"><img decoding=\"async\" loading=\"lazy\" width=\"1227\" height=\"854\" data-id=\"724\"  src=\"https:\/\/carcacia.com\/wp-content\/uploads\/2022\/05\/Captura-de-pantalla-de-2022-05-19-13-12-32-1.png\" alt=\"\" class=\"wp-image-724\" srcset=\"https:\/\/carcacia.com\/wp-content\/uploads\/2022\/05\/Captura-de-pantalla-de-2022-05-19-13-12-32-1.png 1227w, https:\/\/carcacia.com\/wp-content\/uploads\/2022\/05\/Captura-de-pantalla-de-2022-05-19-13-12-32-1-300x209.png 300w, https:\/\/carcacia.com\/wp-content\/uploads\/2022\/05\/Captura-de-pantalla-de-2022-05-19-13-12-32-1-1024x713.png 1024w, https:\/\/carcacia.com\/wp-content\/uploads\/2022\/05\/Captura-de-pantalla-de-2022-05-19-13-12-32-1-768x535.png 768w\" sizes=\"(max-width: 1227px) 100vw, 1227px\" \/><\/a><\/figure>\n\n\n\n<figure class=\"wp-block-image size-full\"><a href=\"https:\/\/carcacia.com\/wp-content\/uploads\/2022\/05\/Captura-de-pantalla-de-2022-05-19-13-14-15-1.png\"><img decoding=\"async\" loading=\"lazy\" width=\"1262\" height=\"838\" data-id=\"725\"  src=\"https:\/\/carcacia.com\/wp-content\/uploads\/2022\/05\/Captura-de-pantalla-de-2022-05-19-13-14-15-1.png\" alt=\"\" class=\"wp-image-725\" srcset=\"https:\/\/carcacia.com\/wp-content\/uploads\/2022\/05\/Captura-de-pantalla-de-2022-05-19-13-14-15-1.png 1262w, https:\/\/carcacia.com\/wp-content\/uploads\/2022\/05\/Captura-de-pantalla-de-2022-05-19-13-14-15-1-300x199.png 300w, https:\/\/carcacia.com\/wp-content\/uploads\/2022\/05\/Captura-de-pantalla-de-2022-05-19-13-14-15-1-1024x680.png 1024w, https:\/\/carcacia.com\/wp-content\/uploads\/2022\/05\/Captura-de-pantalla-de-2022-05-19-13-14-15-1-768x510.png 768w\" sizes=\"(max-width: 1262px) 100vw, 1262px\" \/><\/a><\/figure>\n<\/figure>\n\n\n\n<p> Al\u00ed atopamos, entreo outras cousas, duas pias bautismais de pedra, duas estatuas nomeadas &#8220;As Santas de Pedra&#8221;, tres moedas de marabed\u00eds do s\u00e9culo XVII atopadas durante a restauraci\u00f3n do retablo, e unha representaci\u00f3n de &#8220;Un milagre da Virxe&#8221;.<\/p>\n\n\n\n<figure class=\"is-layout-flex wp-block-gallery-5 wp-block-gallery has-nested-images columns-5 is-cropped\">\n<figure class=\"wp-block-image size-full\"><a href=\"https:\/\/carcacia.com\/wp-content\/uploads\/2022\/05\/Captura-de-pantalla-de-2022-05-19-13-16-20-1.png\"><img decoding=\"async\" loading=\"lazy\" width=\"645\" height=\"965\" data-id=\"730\"  src=\"https:\/\/carcacia.com\/wp-content\/uploads\/2022\/05\/Captura-de-pantalla-de-2022-05-19-13-16-20-1.png\" alt=\"\" class=\"wp-image-730\" srcset=\"https:\/\/carcacia.com\/wp-content\/uploads\/2022\/05\/Captura-de-pantalla-de-2022-05-19-13-16-20-1.png 645w, https:\/\/carcacia.com\/wp-content\/uploads\/2022\/05\/Captura-de-pantalla-de-2022-05-19-13-16-20-1-201x300.png 201w\" sizes=\"(max-width: 645px) 100vw, 645px\" \/><\/a><\/figure>\n\n\n\n<figure class=\"wp-block-image size-full\"><a href=\"https:\/\/carcacia.com\/wp-content\/uploads\/2022\/05\/Captura-de-pantalla-de-2022-05-19-13-19-34-1.png\"><img decoding=\"async\" loading=\"lazy\" width=\"458\" height=\"789\" data-id=\"731\"  src=\"https:\/\/carcacia.com\/wp-content\/uploads\/2022\/05\/Captura-de-pantalla-de-2022-05-19-13-19-34-1.png\" alt=\"\" class=\"wp-image-731\" srcset=\"https:\/\/carcacia.com\/wp-content\/uploads\/2022\/05\/Captura-de-pantalla-de-2022-05-19-13-19-34-1.png 458w, https:\/\/carcacia.com\/wp-content\/uploads\/2022\/05\/Captura-de-pantalla-de-2022-05-19-13-19-34-1-174x300.png 174w\" sizes=\"(max-width: 458px) 100vw, 458px\" \/><\/a><\/figure>\n\n\n\n<figure class=\"wp-block-image size-full\"><a href=\"https:\/\/carcacia.com\/wp-content\/uploads\/2022\/05\/Captura-de-pantalla-de-2022-05-19-12-57-36-1.png\"><img decoding=\"async\" loading=\"lazy\" width=\"632\" height=\"962\" data-id=\"728\"  src=\"https:\/\/carcacia.com\/wp-content\/uploads\/2022\/05\/Captura-de-pantalla-de-2022-05-19-12-57-36-1.png\" alt=\"\" class=\"wp-image-728\" srcset=\"https:\/\/carcacia.com\/wp-content\/uploads\/2022\/05\/Captura-de-pantalla-de-2022-05-19-12-57-36-1.png 632w, https:\/\/carcacia.com\/wp-content\/uploads\/2022\/05\/Captura-de-pantalla-de-2022-05-19-12-57-36-1-197x300.png 197w\" sizes=\"(max-width: 632px) 100vw, 632px\" \/><\/a><\/figure>\n\n\n\n<figure class=\"wp-block-image size-full\"><a href=\"https:\/\/carcacia.com\/wp-content\/uploads\/2022\/05\/Captura-de-pantalla-de-2022-05-19-13-01-58-1.png\"><img decoding=\"async\" loading=\"lazy\" width=\"512\" height=\"768\" data-id=\"729\"  src=\"https:\/\/carcacia.com\/wp-content\/uploads\/2022\/05\/Captura-de-pantalla-de-2022-05-19-13-01-58-1.png\" alt=\"\" class=\"wp-image-729\" srcset=\"https:\/\/carcacia.com\/wp-content\/uploads\/2022\/05\/Captura-de-pantalla-de-2022-05-19-13-01-58-1.png 512w, https:\/\/carcacia.com\/wp-content\/uploads\/2022\/05\/Captura-de-pantalla-de-2022-05-19-13-01-58-1-200x300.png 200w\" sizes=\"(max-width: 512px) 100vw, 512px\" \/><\/a><\/figure>\n\n\n\n<figure class=\"wp-block-image size-full\"><a href=\"https:\/\/carcacia.com\/wp-content\/uploads\/2022\/05\/Captura-de-pantalla-de-2022-05-19-12-51-43-1.png\"><img decoding=\"async\" loading=\"lazy\" width=\"642\" height=\"934\" data-id=\"727\"  src=\"https:\/\/carcacia.com\/wp-content\/uploads\/2022\/05\/Captura-de-pantalla-de-2022-05-19-12-51-43-1.png\" alt=\"\" class=\"wp-image-727\" srcset=\"https:\/\/carcacia.com\/wp-content\/uploads\/2022\/05\/Captura-de-pantalla-de-2022-05-19-12-51-43-1.png 642w, https:\/\/carcacia.com\/wp-content\/uploads\/2022\/05\/Captura-de-pantalla-de-2022-05-19-12-51-43-1-206x300.png 206w\" sizes=\"(max-width: 642px) 100vw, 642px\" \/><\/a><\/figure>\n\n\n\n<figure class=\"wp-block-image size-full\"><a href=\"https:\/\/carcacia.com\/wp-content\/uploads\/2022\/05\/Captura-de-pantalla-de-2022-05-18-11-48-52-1.png\"><img decoding=\"async\" loading=\"lazy\" width=\"1142\" height=\"760\" data-id=\"733\"  src=\"https:\/\/carcacia.com\/wp-content\/uploads\/2022\/05\/Captura-de-pantalla-de-2022-05-18-11-48-52-1.png\" alt=\"\" class=\"wp-image-733\" srcset=\"https:\/\/carcacia.com\/wp-content\/uploads\/2022\/05\/Captura-de-pantalla-de-2022-05-18-11-48-52-1.png 1142w, https:\/\/carcacia.com\/wp-content\/uploads\/2022\/05\/Captura-de-pantalla-de-2022-05-18-11-48-52-1-300x200.png 300w, https:\/\/carcacia.com\/wp-content\/uploads\/2022\/05\/Captura-de-pantalla-de-2022-05-18-11-48-52-1-1024x681.png 1024w, https:\/\/carcacia.com\/wp-content\/uploads\/2022\/05\/Captura-de-pantalla-de-2022-05-18-11-48-52-1-768x511.png 768w\" sizes=\"(max-width: 1142px) 100vw, 1142px\" \/><\/a><\/figure>\n<\/figure>\n\n\n\n<p>Para unha informaci\u00f3n mais detallada podedes descargar o seguinte archivo: <a href=\"http:\/\/carcacia.com\/wp-content\/uploads\/2022\/05\/Aldea_de_Bandin.pdf\">Aldea de Band\u00edn.pdf<\/a><\/p>\n\n\n\n<p><strong>Situaci\u00f3n xeogr\u00e1fica:<\/strong><\/p>\n\n\n\n<iframe src=\"https:\/\/www.google.com\/maps\/embed?pb=!1m18!1m12!1m3!1d583.0963460942178!2d-8.606196766282027!3d42.74111034586173!2m3!1f0!2f0!3f0!3m2!1i1024!2i768!4f13.1!3m3!1m2!1s0x0%3A0x1e102c2abe755035!2zNDLCsDQ0JzI4LjEiTiA4wrAzNicyMS4zIlc!5e1!3m2!1ses!2ses!4v1651749680966!5m2!1ses!2ses\" style=\"border:0;\" allowfullscreen=\"\" loading=\"lazy\" referrerpolicy=\"no-referrer-when-downgrade\" width=\"400\" height=\"300\"><\/iframe>\n","protected":false},"excerpt":{"rendered":"<p>Esta capela data do s\u00e9culo XVIII. Consta dunha pranta de cruz latina, con presbiterio destacado e mamposter\u00eda e siller\u00eda de granito. Na fachada principal ten unha porta con orellas moldeadas, un pinche con beiril que serve de p\u00e9 a espadana &hellip; <a href=\"https:\/\/carcacia.com\/?page_id=173\">Sigue lendo <span class=\"meta-nav\">&rarr;<\/span><\/a><\/p>\n","protected":false},"author":1,"featured_media":0,"parent":0,"menu_order":0,"comment_status":"closed","ping_status":"closed","template":"","meta":[],"_links":{"self":[{"href":"https:\/\/carcacia.com\/index.php?rest_route=\/wp\/v2\/pages\/173"}],"collection":[{"href":"https:\/\/carcacia.com\/index.php?rest_route=\/wp\/v2\/pages"}],"about":[{"href":"https:\/\/carcacia.com\/index.php?rest_route=\/wp\/v2\/types\/page"}],"author":[{"embeddable":true,"href":"https:\/\/carcacia.com\/index.php?rest_route=\/wp\/v2\/users\/1"}],"replies":[{"embeddable":true,"href":"https:\/\/carcacia.com\/index.php?rest_route=%2Fwp%2Fv2%2Fcomments&post=173"}],"version-history":[{"count":19,"href":"https:\/\/carcacia.com\/index.php?rest_route=\/wp\/v2\/pages\/173\/revisions"}],"predecessor-version":[{"id":1013,"href":"https:\/\/carcacia.com\/index.php?rest_route=\/wp\/v2\/pages\/173\/revisions\/1013"}],"wp:attachment":[{"href":"https:\/\/carcacia.com\/index.php?rest_route=%2Fwp%2Fv2%2Fmedia&parent=173"}],"curies":[{"name":"wp","href":"https:\/\/api.w.org\/{rel}","templated":true}]}}