{"id":171,"date":"2020-01-27T14:49:34","date_gmt":"2020-01-27T14:49:34","guid":{"rendered":"http:\/\/carcacia.com\/?page_id=171"},"modified":"2023-01-04T16:40:56","modified_gmt":"2023-01-04T16:40:56","slug":"igresa-de-rumille","status":"publish","type":"page","link":"https:\/\/carcacia.com\/?page_id=171","title":{"rendered":"Igrexa de Santa Mar\u00eda de Rumille."},"content":{"rendered":"\n<p>A igrexa \u00e9 dunha soa nave rodeada por un adro adicado a cemiterio. O edificio, moi alterado, probablemente te\u00f1a a s\u00faa orixe no s\u00e9culo XVII ou XVIII. A fachada principal consta dunha porta central e enriba da mesma un front\u00f3n partido ca escultura de Santa Mar\u00eda dentro dunha fornela semicircular, enriba unha vent\u00e1 de aluminio e presidindo a mesma, hai unha espadana con dous corpos de camp\u00e1s rematada por dous pin\u00e1culos e un pararraios.<\/p>\n\n\n\n<figure class=\"is-layout-flex wp-block-gallery-1 wp-block-gallery has-nested-images columns-default is-cropped\">\n<figure class=\"wp-block-image size-full\"><a href=\"https:\/\/carcacia.com\/wp-content\/uploads\/2022\/05\/igrexaR1.jpg\"><img decoding=\"async\" loading=\"lazy\" width=\"800\" height=\"600\" data-id=\"476\"  src=\"https:\/\/carcacia.com\/wp-content\/uploads\/2022\/05\/igrexaR1.jpg\" alt=\"\" class=\"wp-image-476\" srcset=\"https:\/\/carcacia.com\/wp-content\/uploads\/2022\/05\/igrexaR1.jpg 800w, https:\/\/carcacia.com\/wp-content\/uploads\/2022\/05\/igrexaR1-300x225.jpg 300w, https:\/\/carcacia.com\/wp-content\/uploads\/2022\/05\/igrexaR1-768x576.jpg 768w\" sizes=\"(max-width: 800px) 100vw, 800px\" \/><\/a><\/figure>\n\n\n\n<figure class=\"wp-block-image size-full\"><a href=\"https:\/\/carcacia.com\/wp-content\/uploads\/2022\/05\/igrexaR2.jpg\"><img decoding=\"async\" loading=\"lazy\" width=\"800\" height=\"600\" data-id=\"477\"  src=\"https:\/\/carcacia.com\/wp-content\/uploads\/2022\/05\/igrexaR2.jpg\" alt=\"\" class=\"wp-image-477\" srcset=\"https:\/\/carcacia.com\/wp-content\/uploads\/2022\/05\/igrexaR2.jpg 800w, https:\/\/carcacia.com\/wp-content\/uploads\/2022\/05\/igrexaR2-300x225.jpg 300w, https:\/\/carcacia.com\/wp-content\/uploads\/2022\/05\/igrexaR2-768x576.jpg 768w\" sizes=\"(max-width: 800px) 100vw, 800px\" \/><\/a><\/figure>\n\n\n\n<figure class=\"wp-block-image size-full\"><a href=\"https:\/\/carcacia.com\/wp-content\/uploads\/2022\/05\/igrexaR3.jpg\"><img decoding=\"async\" loading=\"lazy\" width=\"800\" height=\"600\" data-id=\"478\"  src=\"https:\/\/carcacia.com\/wp-content\/uploads\/2022\/05\/igrexaR3.jpg\" alt=\"\" class=\"wp-image-478\" srcset=\"https:\/\/carcacia.com\/wp-content\/uploads\/2022\/05\/igrexaR3.jpg 800w, https:\/\/carcacia.com\/wp-content\/uploads\/2022\/05\/igrexaR3-300x225.jpg 300w, https:\/\/carcacia.com\/wp-content\/uploads\/2022\/05\/igrexaR3-768x576.jpg 768w\" sizes=\"(max-width: 800px) 100vw, 800px\" \/><\/a><\/figure>\n\n\n\n<figure class=\"wp-block-image size-full\"><a href=\"https:\/\/carcacia.com\/wp-content\/uploads\/2022\/05\/igrexaR4.jpg\"><img decoding=\"async\" loading=\"lazy\" width=\"800\" height=\"600\" data-id=\"479\"  src=\"https:\/\/carcacia.com\/wp-content\/uploads\/2022\/05\/igrexaR4.jpg\" alt=\"\" class=\"wp-image-479\" srcset=\"https:\/\/carcacia.com\/wp-content\/uploads\/2022\/05\/igrexaR4.jpg 800w, https:\/\/carcacia.com\/wp-content\/uploads\/2022\/05\/igrexaR4-300x225.jpg 300w, https:\/\/carcacia.com\/wp-content\/uploads\/2022\/05\/igrexaR4-768x576.jpg 768w\" sizes=\"(max-width: 800px) 100vw, 800px\" \/><\/a><\/figure>\n\n\n\n<figure class=\"wp-block-image size-full\"><a href=\"https:\/\/carcacia.com\/wp-content\/uploads\/2022\/05\/igrexaRumille1.jpg\"><img decoding=\"async\" loading=\"lazy\" width=\"800\" height=\"1067\" data-id=\"480\"  src=\"https:\/\/carcacia.com\/wp-content\/uploads\/2022\/05\/igrexaRumille1.jpg\" alt=\"\" class=\"wp-image-480\" srcset=\"https:\/\/carcacia.com\/wp-content\/uploads\/2022\/05\/igrexaRumille1.jpg 800w, https:\/\/carcacia.com\/wp-content\/uploads\/2022\/05\/igrexaRumille1-225x300.jpg 225w, https:\/\/carcacia.com\/wp-content\/uploads\/2022\/05\/igrexaRumille1-768x1024.jpg 768w\" sizes=\"(max-width: 800px) 100vw, 800px\" \/><\/a><\/figure>\n<\/figure>\n\n\n\n<p><\/p>\n\n\n\n<p><strong>Situaci\u00f3n xeogr\u00e1fica:<\/strong><\/p>\n\n\n\n<iframe src=\"https:\/\/www.google.com\/maps\/embed?pb=!1m18!1m12!1m3!1d588.4091720090468!2d-8.596473022649693!3d42.758664241951585!2m3!1f0!2f0!3f0!3m2!1i1024!2i768!4f13.1!3m3!1m2!1s0x0%3A0x20709cddc56f0844!2zNDLCsDQ1JzMxLjMiTiA4wrAzNSc0Ni43Ilc!5e1!3m2!1ses!2ses!4v1651749592372!5m2!1ses!2ses\" style=\"border:0;\" allowfullscreen=\"\" loading=\"lazy\" referrerpolicy=\"no-referrer-when-downgrade\" width=\"400\" height=\"300\"><\/iframe>\n\n\n\n<p><\/p>\n","protected":false},"excerpt":{"rendered":"<p>A igrexa \u00e9 dunha soa nave rodeada por un adro adicado a cemiterio. O edificio, moi alterado, probablemente te\u00f1a a s\u00faa orixe no s\u00e9culo XVII ou XVIII. A fachada principal consta dunha porta central e enriba da mesma un front\u00f3n &hellip; <a href=\"https:\/\/carcacia.com\/?page_id=171\">Sigue lendo <span class=\"meta-nav\">&rarr;<\/span><\/a><\/p>\n","protected":false},"author":1,"featured_media":0,"parent":0,"menu_order":0,"comment_status":"closed","ping_status":"closed","template":"","meta":[],"_links":{"self":[{"href":"https:\/\/carcacia.com\/index.php?rest_route=\/wp\/v2\/pages\/171"}],"collection":[{"href":"https:\/\/carcacia.com\/index.php?rest_route=\/wp\/v2\/pages"}],"about":[{"href":"https:\/\/carcacia.com\/index.php?rest_route=\/wp\/v2\/types\/page"}],"author":[{"embeddable":true,"href":"https:\/\/carcacia.com\/index.php?rest_route=\/wp\/v2\/users\/1"}],"replies":[{"embeddable":true,"href":"https:\/\/carcacia.com\/index.php?rest_route=%2Fwp%2Fv2%2Fcomments&post=171"}],"version-history":[{"count":6,"href":"https:\/\/carcacia.com\/index.php?rest_route=\/wp\/v2\/pages\/171\/revisions"}],"predecessor-version":[{"id":1017,"href":"https:\/\/carcacia.com\/index.php?rest_route=\/wp\/v2\/pages\/171\/revisions\/1017"}],"wp:attachment":[{"href":"https:\/\/carcacia.com\/index.php?rest_route=%2Fwp%2Fv2%2Fmedia&parent=171"}],"curies":[{"name":"wp","href":"https:\/\/api.w.org\/{rel}","templated":true}]}}