{"id":169,"date":"2020-01-27T14:49:23","date_gmt":"2020-01-27T14:49:23","guid":{"rendered":"http:\/\/carcacia.com\/?page_id=169"},"modified":"2023-01-04T16:39:15","modified_gmt":"2023-01-04T16:39:15","slug":"igrexa-de-carcacia","status":"publish","type":"page","link":"https:\/\/carcacia.com\/?page_id=169","title":{"rendered":"Igrexa de Carcac\u00eda."},"content":{"rendered":"\n<p>A igrexa de Carcac\u00eda \u00e9 unha edificaci\u00f3n de finais do s\u00e9culo XVII e principios do XVIII. Ten uns engadidos de cemento na fachada superior e un adro arredor destinado a cemiterio. A casa retoral padeceu un incendio en 1850 que danou a edificaci\u00f3n e destru\u00edu o seu arquivo, tal como comentou o p\u00e1rroco D. Antonio Iglesias Duro.<\/p>\n\n\n\n<figure class=\"is-layout-flex wp-block-gallery-1 wp-block-gallery has-nested-images columns-default is-cropped\">\n<figure class=\"wp-block-image size-large\"><a href=\"https:\/\/carcacia.com\/wp-content\/uploads\/2022\/05\/igrexaC2.jpg\"><img decoding=\"async\" loading=\"lazy\" width=\"800\" height=\"600\" data-id=\"458\"  src=\"https:\/\/carcacia.com\/wp-content\/uploads\/2022\/05\/igrexaC2.jpg\" alt=\"\" class=\"wp-image-458\" srcset=\"https:\/\/carcacia.com\/wp-content\/uploads\/2022\/05\/igrexaC2.jpg 800w, https:\/\/carcacia.com\/wp-content\/uploads\/2022\/05\/igrexaC2-300x225.jpg 300w, https:\/\/carcacia.com\/wp-content\/uploads\/2022\/05\/igrexaC2-768x576.jpg 768w\" sizes=\"(max-width: 800px) 100vw, 800px\" \/><\/a><\/figure>\n\n\n\n<figure class=\"wp-block-image size-large\"><a href=\"https:\/\/carcacia.com\/wp-content\/uploads\/2022\/05\/igrexaC3.jpg\"><img decoding=\"async\" loading=\"lazy\" width=\"800\" height=\"600\" data-id=\"459\"  src=\"https:\/\/carcacia.com\/wp-content\/uploads\/2022\/05\/igrexaC3.jpg\" alt=\"\" class=\"wp-image-459\" srcset=\"https:\/\/carcacia.com\/wp-content\/uploads\/2022\/05\/igrexaC3.jpg 800w, https:\/\/carcacia.com\/wp-content\/uploads\/2022\/05\/igrexaC3-300x225.jpg 300w, https:\/\/carcacia.com\/wp-content\/uploads\/2022\/05\/igrexaC3-768x576.jpg 768w\" sizes=\"(max-width: 800px) 100vw, 800px\" \/><\/a><\/figure>\n\n\n\n<figure class=\"wp-block-image size-large\"><a href=\"https:\/\/carcacia.com\/wp-content\/uploads\/2022\/05\/igrexaC4.jpg\"><img decoding=\"async\" loading=\"lazy\" width=\"800\" height=\"600\" data-id=\"460\"  src=\"https:\/\/carcacia.com\/wp-content\/uploads\/2022\/05\/igrexaC4.jpg\" alt=\"\" class=\"wp-image-460\" srcset=\"https:\/\/carcacia.com\/wp-content\/uploads\/2022\/05\/igrexaC4.jpg 800w, https:\/\/carcacia.com\/wp-content\/uploads\/2022\/05\/igrexaC4-300x225.jpg 300w, https:\/\/carcacia.com\/wp-content\/uploads\/2022\/05\/igrexaC4-768x576.jpg 768w\" sizes=\"(max-width: 800px) 100vw, 800px\" \/><\/a><\/figure>\n\n\n\n<figure class=\"wp-block-image size-large\"><a href=\"https:\/\/carcacia.com\/wp-content\/uploads\/2022\/05\/igrexaC1.jpg\"><img decoding=\"async\" loading=\"lazy\" width=\"800\" height=\"600\" data-id=\"457\"  src=\"https:\/\/carcacia.com\/wp-content\/uploads\/2022\/05\/igrexaC1.jpg\" alt=\"\" class=\"wp-image-457\" srcset=\"https:\/\/carcacia.com\/wp-content\/uploads\/2022\/05\/igrexaC1.jpg 800w, https:\/\/carcacia.com\/wp-content\/uploads\/2022\/05\/igrexaC1-300x225.jpg 300w, https:\/\/carcacia.com\/wp-content\/uploads\/2022\/05\/igrexaC1-768x576.jpg 768w\" sizes=\"(max-width: 800px) 100vw, 800px\" \/><\/a><\/figure>\n<\/figure>\n\n\n\n<p>Na fachada destaca unha torre de estilo barroco adicada a campanario. \u00d3 lado dereito da porta hai unha bufarda, e no centro a imaxe do patr\u00f3n San Pedro, nunha fornela. O templo \u00e9 dunha soa nave.<\/p>\n\n\n\n<figure class=\"is-layout-flex wp-block-gallery-3 wp-block-gallery has-nested-images columns-default is-cropped\">\n<figure class=\"wp-block-image size-large\"><a href=\"https:\/\/carcacia.com\/wp-content\/uploads\/2022\/05\/DJI_0025-scaled.jpg\"><img decoding=\"async\" loading=\"lazy\" width=\"1024\" height=\"576\" data-id=\"456\"  src=\"https:\/\/carcacia.com\/wp-content\/uploads\/2022\/05\/DJI_0025-1024x576.jpg\" alt=\"\" class=\"wp-image-456\" srcset=\"https:\/\/carcacia.com\/wp-content\/uploads\/2022\/05\/DJI_0025-1024x576.jpg 1024w, https:\/\/carcacia.com\/wp-content\/uploads\/2022\/05\/DJI_0025-300x169.jpg 300w, https:\/\/carcacia.com\/wp-content\/uploads\/2022\/05\/DJI_0025-768x432.jpg 768w, https:\/\/carcacia.com\/wp-content\/uploads\/2022\/05\/DJI_0025-1536x864.jpg 1536w, https:\/\/carcacia.com\/wp-content\/uploads\/2022\/05\/DJI_0025-2048x1152.jpg 2048w\" sizes=\"(max-width: 1024px) 100vw, 1024px\" \/><\/a><\/figure>\n\n\n\n<figure class=\"wp-block-image size-large\"><a href=\"https:\/\/carcacia.com\/wp-content\/uploads\/2022\/05\/DJI_0024-scaled.jpg\"><img decoding=\"async\" loading=\"lazy\" width=\"1024\" height=\"576\" data-id=\"455\"  src=\"https:\/\/carcacia.com\/wp-content\/uploads\/2022\/05\/DJI_0024-1024x576.jpg\" alt=\"\" class=\"wp-image-455\" srcset=\"https:\/\/carcacia.com\/wp-content\/uploads\/2022\/05\/DJI_0024-1024x576.jpg 1024w, https:\/\/carcacia.com\/wp-content\/uploads\/2022\/05\/DJI_0024-300x169.jpg 300w, https:\/\/carcacia.com\/wp-content\/uploads\/2022\/05\/DJI_0024-768x432.jpg 768w, https:\/\/carcacia.com\/wp-content\/uploads\/2022\/05\/DJI_0024-1536x864.jpg 1536w, https:\/\/carcacia.com\/wp-content\/uploads\/2022\/05\/DJI_0024-2048x1152.jpg 2048w\" sizes=\"(max-width: 1024px) 100vw, 1024px\" \/><\/a><\/figure>\n\n\n\n<figure class=\"wp-block-image size-large\"><a href=\"https:\/\/carcacia.com\/wp-content\/uploads\/2022\/05\/DJI_0023-scaled.jpg\"><img decoding=\"async\" loading=\"lazy\" width=\"1024\" height=\"576\" data-id=\"454\"  src=\"https:\/\/carcacia.com\/wp-content\/uploads\/2022\/05\/DJI_0023-1024x576.jpg\" alt=\"\" class=\"wp-image-454\" srcset=\"https:\/\/carcacia.com\/wp-content\/uploads\/2022\/05\/DJI_0023-1024x576.jpg 1024w, https:\/\/carcacia.com\/wp-content\/uploads\/2022\/05\/DJI_0023-300x169.jpg 300w, https:\/\/carcacia.com\/wp-content\/uploads\/2022\/05\/DJI_0023-768x432.jpg 768w, https:\/\/carcacia.com\/wp-content\/uploads\/2022\/05\/DJI_0023-1536x864.jpg 1536w, https:\/\/carcacia.com\/wp-content\/uploads\/2022\/05\/DJI_0023-2048x1152.jpg 2048w\" sizes=\"(max-width: 1024px) 100vw, 1024px\" \/><\/a><\/figure>\n\n\n\n<figure class=\"wp-block-image size-large\"><a href=\"https:\/\/carcacia.com\/wp-content\/uploads\/2022\/05\/DJI_0022-scaled.jpg\"><img decoding=\"async\" loading=\"lazy\" width=\"1024\" height=\"576\" data-id=\"453\"  src=\"https:\/\/carcacia.com\/wp-content\/uploads\/2022\/05\/DJI_0022-1024x576.jpg\" alt=\"\" class=\"wp-image-453\" srcset=\"https:\/\/carcacia.com\/wp-content\/uploads\/2022\/05\/DJI_0022-1024x576.jpg 1024w, https:\/\/carcacia.com\/wp-content\/uploads\/2022\/05\/DJI_0022-300x169.jpg 300w, https:\/\/carcacia.com\/wp-content\/uploads\/2022\/05\/DJI_0022-768x432.jpg 768w, https:\/\/carcacia.com\/wp-content\/uploads\/2022\/05\/DJI_0022-1536x864.jpg 1536w, https:\/\/carcacia.com\/wp-content\/uploads\/2022\/05\/DJI_0022-2048x1152.jpg 2048w\" sizes=\"(max-width: 1024px) 100vw, 1024px\" \/><\/a><\/figure>\n\n\n\n<figure class=\"wp-block-image size-large\"><a href=\"https:\/\/carcacia.com\/wp-content\/uploads\/2022\/05\/DJI_0021-scaled.jpg\"><img decoding=\"async\" loading=\"lazy\" width=\"1024\" height=\"576\" data-id=\"451\"  src=\"https:\/\/carcacia.com\/wp-content\/uploads\/2022\/05\/DJI_0021-1024x576.jpg\" alt=\"\" class=\"wp-image-451\" srcset=\"https:\/\/carcacia.com\/wp-content\/uploads\/2022\/05\/DJI_0021-1024x576.jpg 1024w, https:\/\/carcacia.com\/wp-content\/uploads\/2022\/05\/DJI_0021-300x169.jpg 300w, https:\/\/carcacia.com\/wp-content\/uploads\/2022\/05\/DJI_0021-768x432.jpg 768w, https:\/\/carcacia.com\/wp-content\/uploads\/2022\/05\/DJI_0021-1536x864.jpg 1536w, https:\/\/carcacia.com\/wp-content\/uploads\/2022\/05\/DJI_0021-2048x1152.jpg 2048w\" sizes=\"(max-width: 1024px) 100vw, 1024px\" \/><\/a><\/figure>\n<\/figure>\n\n\n\n<p><\/p>\n\n\n\n<p><strong>Situaci\u00f3n xeogr\u00e1fica:<\/strong><\/p>\n\n\n\n<iframe src=\"https:\/\/www.google.com\/maps\/embed?pb=!1m18!1m12!1m3!1d129.8703099366976!2d-8.60915370835671!3d42.75296497103466!2m3!1f0!2f3.6919029938429357!3f0!3m2!1i1024!2i768!4f55.020543135605976!3m3!1m2!1s0x0%3A0x15cf59a02fb730ad!2zNDLCsDQ1JzExLjIiTiA4wrAzNiczMi40Ilc!5e1!3m2!1ses!2ses!4v1651741034579!5m2!1ses!2ses\" style=\"border:0;\" allowfullscreen=\"\" loading=\"lazy\" referrerpolicy=\"no-referrer-when-downgrade\" width=\"400\" height=\"300\"><\/iframe>\n","protected":false},"excerpt":{"rendered":"<p>A igrexa de Carcac\u00eda \u00e9 unha edificaci\u00f3n de finais do s\u00e9culo XVII e principios do XVIII. Ten uns engadidos de cemento na fachada superior e un adro arredor destinado a cemiterio. A casa retoral padeceu un incendio en 1850 que &hellip; <a href=\"https:\/\/carcacia.com\/?page_id=169\">Sigue lendo <span class=\"meta-nav\">&rarr;<\/span><\/a><\/p>\n","protected":false},"author":1,"featured_media":0,"parent":0,"menu_order":0,"comment_status":"closed","ping_status":"closed","template":"","meta":[],"_links":{"self":[{"href":"https:\/\/carcacia.com\/index.php?rest_route=\/wp\/v2\/pages\/169"}],"collection":[{"href":"https:\/\/carcacia.com\/index.php?rest_route=\/wp\/v2\/pages"}],"about":[{"href":"https:\/\/carcacia.com\/index.php?rest_route=\/wp\/v2\/types\/page"}],"author":[{"embeddable":true,"href":"https:\/\/carcacia.com\/index.php?rest_route=\/wp\/v2\/users\/1"}],"replies":[{"embeddable":true,"href":"https:\/\/carcacia.com\/index.php?rest_route=%2Fwp%2Fv2%2Fcomments&post=169"}],"version-history":[{"count":7,"href":"https:\/\/carcacia.com\/index.php?rest_route=\/wp\/v2\/pages\/169\/revisions"}],"predecessor-version":[{"id":1016,"href":"https:\/\/carcacia.com\/index.php?rest_route=\/wp\/v2\/pages\/169\/revisions\/1016"}],"wp:attachment":[{"href":"https:\/\/carcacia.com\/index.php?rest_route=%2Fwp%2Fv2%2Fmedia&parent=169"}],"curies":[{"name":"wp","href":"https:\/\/api.w.org\/{rel}","templated":true}]}}