{"id":165,"date":"2020-01-27T14:48:41","date_gmt":"2020-01-27T14:48:41","guid":{"rendered":"http:\/\/carcacia.com\/?page_id=165"},"modified":"2022-05-05T08:53:06","modified_gmt":"2022-05-05T08:53:06","slug":"a-canle-de-sinde","status":"publish","type":"page","link":"https:\/\/carcacia.com\/?page_id=165","title":{"rendered":"A canle de Sinde."},"content":{"rendered":"\n<div class=\"wp-block-image is-style-default\"><figure class=\"alignright size-large is-resized\"><a href=\"https:\/\/carcacia.com\/wp-content\/uploads\/2020\/10\/canal-sinde-1-scaled.jpg\"><img decoding=\"async\" loading=\"lazy\" src=\"http:\/\/carcacia.com\/wp-content\/uploads\/2020\/10\/canal-sinde-1-1024x576.jpg\" alt=\"\" class=\"wp-image-322\" width=\"466\" height=\"261\" srcset=\"https:\/\/carcacia.com\/wp-content\/uploads\/2020\/10\/canal-sinde-1-1024x576.jpg 1024w, https:\/\/carcacia.com\/wp-content\/uploads\/2020\/10\/canal-sinde-1-300x169.jpg 300w, https:\/\/carcacia.com\/wp-content\/uploads\/2020\/10\/canal-sinde-1-768x432.jpg 768w, https:\/\/carcacia.com\/wp-content\/uploads\/2020\/10\/canal-sinde-1-1536x864.jpg 1536w, https:\/\/carcacia.com\/wp-content\/uploads\/2020\/10\/canal-sinde-1-2048x1152.jpg 2048w\" sizes=\"(max-width: 466px) 100vw, 466px\" \/><\/a><\/figure><\/div>\n\n\n\n<p>Esta canle, \u00e9 b\u00e1sicamente un valo de pedra construido de un lado a outro do rio, de forma diagonal. Ten unhas aberturas cada poucos metros imitando a almena de un castelo para favorecer o paso da auga cando trae pouca altura. A sua finalidade principal era desviar a auga para mover o rodicio de un mui\u00f1o construido na parte baixa, pero tamen serv\u00eda para cruzar a p\u00e9 de un lado a outro os dias de pouco caudal, e moitos anos despois, sirveu tamen para delimitar o coto de pesca do Salm\u00f3n, \u00f3 servires este, de barreira que imped\u00eda \u00f3s peixes seguir subindo o rio.<\/p>\n\n\n\n<p>Ese mui\u00f1o, coma tantos outros, actualmente est\u00e1 en ruinas, e a canle, lamentablemente, ten un derrumbamento parcial que lle impide facer a funcion de dita barreira que tanto favorec\u00eda o coto de pesca.<\/p>\n\n\n\n<figure class=\"wp-block-image size-large is-resized\"><a href=\"https:\/\/carcacia.com\/wp-content\/uploads\/2020\/10\/Canal-de-Sinde2-edited.jpg\"><img decoding=\"async\" loading=\"lazy\" src=\"https:\/\/carcacia.com\/wp-content\/uploads\/2020\/10\/Canal-de-Sinde2-edited.jpg\" alt=\"\" class=\"wp-image-346\" width=\"664\" height=\"373.5\" srcset=\"https:\/\/carcacia.com\/wp-content\/uploads\/2020\/10\/Canal-de-Sinde2-edited.jpg 700w, https:\/\/carcacia.com\/wp-content\/uploads\/2020\/10\/Canal-de-Sinde2-edited-300x169.jpg 300w\" sizes=\"(max-width: 700px) 100vw, 700px\" \/><\/a><\/figure>\n\n\n\n<figure class=\"wp-block-image size-large is-resized\"><a href=\"https:\/\/carcacia.com\/wp-content\/uploads\/2020\/10\/Canal-de-Sinde-edited.jpg\"><img decoding=\"async\" loading=\"lazy\" src=\"https:\/\/carcacia.com\/wp-content\/uploads\/2020\/10\/Canal-de-Sinde-edited.jpg\" alt=\"\" class=\"wp-image-347\" width=\"667\" height=\"375.1875\" srcset=\"https:\/\/carcacia.com\/wp-content\/uploads\/2020\/10\/Canal-de-Sinde-edited.jpg 799w, https:\/\/carcacia.com\/wp-content\/uploads\/2020\/10\/Canal-de-Sinde-edited-300x169.jpg 300w, https:\/\/carcacia.com\/wp-content\/uploads\/2020\/10\/Canal-de-Sinde-edited-768x433.jpg 768w\" sizes=\"(max-width: 799px) 100vw, 799px\" \/><\/a><\/figure>\n\n\n\n<p><strong>Situaci\u00f3n xeogr\u00e1fica:<\/strong><\/p>\n\n\n\n<iframe src=\"https:\/\/www.google.com\/maps\/embed?pb=!1m18!1m12!1m3!1d842.2333609065627!2d-8.587909170754338!3d42.74243498362134!2m3!1f0!2f0!3f0!3m2!1i1024!2i768!4f13.1!3m3!1m2!1s0x0%3A0x62701b4c0943f14!2zNDLCsDQ0JzMyLjgiTiA4wrAzNScxNC41Ilc!5e1!3m2!1ses!2ses!4v1651740474691!5m2!1ses!2ses\" width=\"400\" height=\"300\" style=\"border:0;\" allowfullscreen=\"\" loading=\"lazy\" referrerpolicy=\"no-referrer-when-downgrade\"><\/iframe>\n\n\n\n<p><\/p>\n","protected":false},"excerpt":{"rendered":"<p>Esta canle, \u00e9 b\u00e1sicamente un valo de pedra construido de un lado a outro do rio, de forma diagonal. Ten unhas aberturas cada poucos metros imitando a almena de un castelo para favorecer o paso da auga cando trae pouca &hellip; <a href=\"https:\/\/carcacia.com\/?page_id=165\">Sigue lendo <span class=\"meta-nav\">&rarr;<\/span><\/a><\/p>\n","protected":false},"author":1,"featured_media":0,"parent":0,"menu_order":0,"comment_status":"closed","ping_status":"closed","template":"","meta":[],"_links":{"self":[{"href":"https:\/\/carcacia.com\/index.php?rest_route=\/wp\/v2\/pages\/165"}],"collection":[{"href":"https:\/\/carcacia.com\/index.php?rest_route=\/wp\/v2\/pages"}],"about":[{"href":"https:\/\/carcacia.com\/index.php?rest_route=\/wp\/v2\/types\/page"}],"author":[{"embeddable":true,"href":"https:\/\/carcacia.com\/index.php?rest_route=\/wp\/v2\/users\/1"}],"replies":[{"embeddable":true,"href":"https:\/\/carcacia.com\/index.php?rest_route=%2Fwp%2Fv2%2Fcomments&post=165"}],"version-history":[{"count":26,"href":"https:\/\/carcacia.com\/index.php?rest_route=\/wp\/v2\/pages\/165\/revisions"}],"predecessor-version":[{"id":522,"href":"https:\/\/carcacia.com\/index.php?rest_route=\/wp\/v2\/pages\/165\/revisions\/522"}],"wp:attachment":[{"href":"https:\/\/carcacia.com\/index.php?rest_route=%2Fwp%2Fv2%2Fmedia&parent=165"}],"curies":[{"name":"wp","href":"https:\/\/api.w.org\/{rel}","templated":true}]}}