{"id":161,"date":"2020-01-27T14:45:51","date_gmt":"2020-01-27T14:45:51","guid":{"rendered":"http:\/\/carcacia.com\/?page_id=161"},"modified":"2022-05-05T11:32:52","modified_gmt":"2022-05-05T11:32:52","slug":"o-rio-ulla","status":"publish","type":"page","link":"https:\/\/carcacia.com\/?page_id=161","title":{"rendered":"O rio Ulla e a praia fluvial &#8220;O areeiro&#8221;."},"content":{"rendered":"\n<figure class=\"wp-block-image size-large is-resized\"><img decoding=\"async\" loading=\"lazy\" src=\"https:\/\/carcacia.com\/wp-content\/uploads\/2022\/05\/rio-ulla.png\" alt=\"\" class=\"wp-image-488\" width=\"755\" height=\"201\" srcset=\"https:\/\/carcacia.com\/wp-content\/uploads\/2022\/05\/rio-ulla.png 936w, https:\/\/carcacia.com\/wp-content\/uploads\/2022\/05\/rio-ulla-300x80.png 300w, https:\/\/carcacia.com\/wp-content\/uploads\/2022\/05\/rio-ulla-768x205.png 768w\" sizes=\"(max-width: 755px) 100vw, 755px\" \/><\/figure>\n\n\n\n<p>O rio Ulla nace no concello de Antas de Ulla, Lugo, e desemboca na ria de Arousa \u00e1 altura de Catoira tras percorrer 132 km. A sua cunca, de 2764 km cadrados, \u00e9 a segunda mais importante de Galicia. Transcorre por Carcac\u00eda \u00f3 longo de 5km, nos que fai posible un lugar tan bonito como &#8220;O Areeiro&#8221;.<\/p>\n\n\n\n<p>O areeiro \u00e9 unha praia fluvial situada na parte mais baixa da parroquia. Ten unha zona adicada a merendeiro con mesas de pedra e barbacoas, e unha zona de pouca profundidade perfecta para o ba\u00f1o. En ver\u00e1n ten moita afluencia, tanto de xente da parroquia como de fora dela. Conta con un aparcadoiro para coches, e contedores de lixo. <\/p>\n\n\n\n<figure class=\"is-layout-flex wp-block-gallery-1 wp-block-gallery columns-3 is-cropped\"><ul class=\"blocks-gallery-grid\"><li class=\"blocks-gallery-item\"><figure><a href=\"https:\/\/carcacia.com\/wp-content\/uploads\/2022\/05\/areeiro1.jpg\"><img decoding=\"async\" loading=\"lazy\" width=\"800\" height=\"530\" src=\"https:\/\/carcacia.com\/wp-content\/uploads\/2022\/05\/areeiro1.jpg\" alt=\"\" data-id=\"499\" data-full-url=\"https:\/\/carcacia.com\/wp-content\/uploads\/2022\/05\/areeiro1.jpg\" data-link=\"https:\/\/carcacia.com\/?attachment_id=499\" class=\"wp-image-499\" srcset=\"https:\/\/carcacia.com\/wp-content\/uploads\/2022\/05\/areeiro1.jpg 800w, https:\/\/carcacia.com\/wp-content\/uploads\/2022\/05\/areeiro1-300x199.jpg 300w, https:\/\/carcacia.com\/wp-content\/uploads\/2022\/05\/areeiro1-768x509.jpg 768w\" sizes=\"(max-width: 800px) 100vw, 800px\" \/><\/a><\/figure><\/li><li class=\"blocks-gallery-item\"><figure><a href=\"https:\/\/carcacia.com\/wp-content\/uploads\/2022\/05\/areeiro2.jpg\"><img decoding=\"async\" loading=\"lazy\" width=\"800\" height=\"534\" src=\"https:\/\/carcacia.com\/wp-content\/uploads\/2022\/05\/areeiro2.jpg\" alt=\"\" data-id=\"500\" data-full-url=\"https:\/\/carcacia.com\/wp-content\/uploads\/2022\/05\/areeiro2.jpg\" data-link=\"https:\/\/carcacia.com\/?attachment_id=500\" class=\"wp-image-500\" srcset=\"https:\/\/carcacia.com\/wp-content\/uploads\/2022\/05\/areeiro2.jpg 800w, https:\/\/carcacia.com\/wp-content\/uploads\/2022\/05\/areeiro2-300x200.jpg 300w, https:\/\/carcacia.com\/wp-content\/uploads\/2022\/05\/areeiro2-768x513.jpg 768w\" sizes=\"(max-width: 800px) 100vw, 800px\" \/><\/a><\/figure><\/li><li class=\"blocks-gallery-item\"><figure><a href=\"https:\/\/carcacia.com\/wp-content\/uploads\/2022\/05\/areeiro3.jpg\"><img decoding=\"async\" loading=\"lazy\" width=\"800\" height=\"600\" src=\"https:\/\/carcacia.com\/wp-content\/uploads\/2022\/05\/areeiro3.jpg\" alt=\"\" data-id=\"501\" data-full-url=\"https:\/\/carcacia.com\/wp-content\/uploads\/2022\/05\/areeiro3.jpg\" data-link=\"https:\/\/carcacia.com\/?attachment_id=501\" class=\"wp-image-501\" srcset=\"https:\/\/carcacia.com\/wp-content\/uploads\/2022\/05\/areeiro3.jpg 800w, https:\/\/carcacia.com\/wp-content\/uploads\/2022\/05\/areeiro3-300x225.jpg 300w, https:\/\/carcacia.com\/wp-content\/uploads\/2022\/05\/areeiro3-768x576.jpg 768w\" sizes=\"(max-width: 800px) 100vw, 800px\" \/><\/a><\/figure><\/li><li class=\"blocks-gallery-item\"><figure><a href=\"https:\/\/carcacia.com\/wp-content\/uploads\/2022\/05\/areeiro4.jpg\"><img decoding=\"async\" loading=\"lazy\" width=\"800\" height=\"600\" src=\"https:\/\/carcacia.com\/wp-content\/uploads\/2022\/05\/areeiro4.jpg\" alt=\"\" data-id=\"502\" data-full-url=\"https:\/\/carcacia.com\/wp-content\/uploads\/2022\/05\/areeiro4.jpg\" data-link=\"https:\/\/carcacia.com\/?attachment_id=502\" class=\"wp-image-502\" srcset=\"https:\/\/carcacia.com\/wp-content\/uploads\/2022\/05\/areeiro4.jpg 800w, https:\/\/carcacia.com\/wp-content\/uploads\/2022\/05\/areeiro4-300x225.jpg 300w, https:\/\/carcacia.com\/wp-content\/uploads\/2022\/05\/areeiro4-768x576.jpg 768w\" sizes=\"(max-width: 800px) 100vw, 800px\" \/><\/a><\/figure><\/li><li class=\"blocks-gallery-item\"><figure><a href=\"https:\/\/carcacia.com\/wp-content\/uploads\/2022\/05\/areeiro5.jpg\"><img decoding=\"async\" loading=\"lazy\" width=\"800\" height=\"600\" src=\"https:\/\/carcacia.com\/wp-content\/uploads\/2022\/05\/areeiro5.jpg\" alt=\"\" data-id=\"503\" data-full-url=\"https:\/\/carcacia.com\/wp-content\/uploads\/2022\/05\/areeiro5.jpg\" data-link=\"https:\/\/carcacia.com\/?attachment_id=503\" class=\"wp-image-503\" srcset=\"https:\/\/carcacia.com\/wp-content\/uploads\/2022\/05\/areeiro5.jpg 800w, https:\/\/carcacia.com\/wp-content\/uploads\/2022\/05\/areeiro5-300x225.jpg 300w, https:\/\/carcacia.com\/wp-content\/uploads\/2022\/05\/areeiro5-768x576.jpg 768w\" sizes=\"(max-width: 800px) 100vw, 800px\" \/><\/a><\/figure><\/li><\/ul><\/figure>\n\n\n\n<p><\/p>\n\n\n\n<p><strong>Situaci\u00f3n xeogr\u00e1fica:<\/strong><\/p>\n\n\n\n<iframe src=\"https:\/\/www.google.com\/maps\/embed?pb=!1m18!1m12!1m3!1d593.6735881123275!2d-8.601720794458624!3d42.74367792051559!2m3!1f0!2f0!3f0!3m2!1i1024!2i768!4f13.1!3m3!1m2!1s0x0%3A0xf3fbb149b2275f86!2zNDLCsDQ0JzM3LjEiTiA4wrAzNicwNC45Ilc!5e1!3m2!1ses!2ses!4v1651750324254!5m2!1ses!2ses\" width=\"400\" height=\"300\" style=\"border:0;\" allowfullscreen=\"\" loading=\"lazy\" referrerpolicy=\"no-referrer-when-downgrade\"><\/iframe>\n\n\n\n<p><\/p>\n","protected":false},"excerpt":{"rendered":"<p>O rio Ulla nace no concello de Antas de Ulla, Lugo, e desemboca na ria de Arousa \u00e1 altura de Catoira tras percorrer 132 km. A sua cunca, de 2764 km cadrados, \u00e9 a segunda mais importante de Galicia. Transcorre &hellip; <a href=\"https:\/\/carcacia.com\/?page_id=161\">Sigue lendo <span class=\"meta-nav\">&rarr;<\/span><\/a><\/p>\n","protected":false},"author":1,"featured_media":0,"parent":0,"menu_order":0,"comment_status":"closed","ping_status":"closed","template":"","meta":[],"_links":{"self":[{"href":"https:\/\/carcacia.com\/index.php?rest_route=\/wp\/v2\/pages\/161"}],"collection":[{"href":"https:\/\/carcacia.com\/index.php?rest_route=\/wp\/v2\/pages"}],"about":[{"href":"https:\/\/carcacia.com\/index.php?rest_route=\/wp\/v2\/types\/page"}],"author":[{"embeddable":true,"href":"https:\/\/carcacia.com\/index.php?rest_route=\/wp\/v2\/users\/1"}],"replies":[{"embeddable":true,"href":"https:\/\/carcacia.com\/index.php?rest_route=%2Fwp%2Fv2%2Fcomments&post=161"}],"version-history":[{"count":12,"href":"https:\/\/carcacia.com\/index.php?rest_route=\/wp\/v2\/pages\/161\/revisions"}],"predecessor-version":[{"id":1019,"href":"https:\/\/carcacia.com\/index.php?rest_route=\/wp\/v2\/pages\/161\/revisions\/1019"}],"wp:attachment":[{"href":"https:\/\/carcacia.com\/index.php?rest_route=%2Fwp%2Fv2%2Fmedia&parent=161"}],"curies":[{"name":"wp","href":"https:\/\/api.w.org\/{rel}","templated":true}]}}