{"id":157,"date":"2020-01-27T14:45:14","date_gmt":"2020-01-27T14:45:14","guid":{"rendered":"http:\/\/carcacia.com\/?page_id=157"},"modified":"2023-01-04T16:41:30","modified_gmt":"2023-01-04T16:41:30","slug":"mirador-do-lapido","status":"publish","type":"page","link":"https:\/\/carcacia.com\/?page_id=157","title":{"rendered":"Mirador do Lapido."},"content":{"rendered":"\n<p>Dende principios do 2019, na zona do Lapido podemos disfrutar de un bonito mirador con vistas \u00f3 rio Ulla. <\/p>\n\n\n\n<figure class=\"wp-block-image size-large is-resized\"><a href=\"https:\/\/carcacia.com\/wp-content\/uploads\/2021\/11\/DJI_0023-scaled.jpg\"><img decoding=\"async\" loading=\"lazy\" src=\"https:\/\/carcacia.com\/wp-content\/uploads\/2021\/11\/DJI_0023-1024x576.jpg\" alt=\"\" class=\"wp-image-371\" width=\"446\" height=\"249\"\/><\/a><\/figure>\n\n\n\n<p>Este mirador f\u00edxose grazas \u00e1 unha solicitude de &#8220;Subvenci\u00f3n de Rede Natura&#8221;. (Orde do 21 de decembro de 2017 pola que se establecen as bases reguladoras e a convocatoria para os anos 2018 e 2019 das axudas e investimentos non productivos vinculados a realizacion de incentivos agroambientais e clim\u00e1ticos incluidos na Rede Natura 2000).<\/p>\n\n\n\n<p>O solicitante e propietario dos terreos foi a CMVMC O Lapido, co fin de acondicionar unha zona que durante moito tempo foi utilizada como vertedoiro, para por en valor, recuperar e mostrar a beleza do entorno. <\/p>\n\n\n\n<p>O orzamento da obra ascendeu a 12000\u20ac (o m\u00e1ximo que pod\u00eda solicitar unha comunidade de montes), mais o IVE de 21% que asumeu a comunidade. <\/p>\n\n\n\n<p>Houbo que solicitar tamen os permisos necesarios e asumir o seu coste, que foron 480\u20ac \u00f3 Concello, 29,30\u20ac a Infraestructuras, e 129,23\u20ac a Augas de Galicia. <\/p>\n\n\n\n<p>A inauguraci\u00f3n do mirador f\u00edxose en Abril de 2019, e dende ese momento, todos os dias se pode ver al\u00ed xente disfrutando das suas maravillosas vistas. <\/p>\n\n\n\n<p>Noraboa \u00e1 comunidade de montes por tan magn\u00edfica idea!<\/p>\n\n\n\n<div class=\"is-layout-flow wp-block-group\"><div class=\"wp-block-group__inner-container\">\n<figure class=\"is-layout-flex wp-block-gallery-1 wp-block-gallery has-nested-images columns-default is-cropped\">\n<figure class=\"wp-block-image size-full\"><a href=\"https:\/\/carcacia.com\/wp-content\/uploads\/2021\/11\/DJI_0026-1-scaled.jpg\"><img decoding=\"async\" loading=\"lazy\" width=\"2560\" height=\"1440\" src=\"https:\/\/carcacia.com\/wp-content\/uploads\/2021\/11\/DJI_0026-1-scaled.jpg\" alt=\"\" class=\"wp-image-382\" srcset=\"https:\/\/carcacia.com\/wp-content\/uploads\/2021\/11\/DJI_0026-1-scaled.jpg 2560w, https:\/\/carcacia.com\/wp-content\/uploads\/2021\/11\/DJI_0026-1-300x169.jpg 300w, https:\/\/carcacia.com\/wp-content\/uploads\/2021\/11\/DJI_0026-1-1024x576.jpg 1024w, https:\/\/carcacia.com\/wp-content\/uploads\/2021\/11\/DJI_0026-1-768x432.jpg 768w, https:\/\/carcacia.com\/wp-content\/uploads\/2021\/11\/DJI_0026-1-1536x864.jpg 1536w, https:\/\/carcacia.com\/wp-content\/uploads\/2021\/11\/DJI_0026-1-2048x1152.jpg 2048w\" sizes=\"(max-width: 2560px) 100vw, 2560px\" \/><\/a><\/figure>\n\n\n\n<figure class=\"wp-block-image size-full\"><a href=\"https:\/\/carcacia.com\/wp-content\/uploads\/2021\/11\/DJI_0020-1-scaled.jpg\"><img decoding=\"async\" loading=\"lazy\" width=\"2560\" height=\"1440\" src=\"https:\/\/carcacia.com\/wp-content\/uploads\/2021\/11\/DJI_0020-1-scaled.jpg\" alt=\"\" class=\"wp-image-380\" srcset=\"https:\/\/carcacia.com\/wp-content\/uploads\/2021\/11\/DJI_0020-1-scaled.jpg 2560w, https:\/\/carcacia.com\/wp-content\/uploads\/2021\/11\/DJI_0020-1-300x169.jpg 300w, https:\/\/carcacia.com\/wp-content\/uploads\/2021\/11\/DJI_0020-1-1024x576.jpg 1024w, https:\/\/carcacia.com\/wp-content\/uploads\/2021\/11\/DJI_0020-1-768x432.jpg 768w, https:\/\/carcacia.com\/wp-content\/uploads\/2021\/11\/DJI_0020-1-1536x864.jpg 1536w, https:\/\/carcacia.com\/wp-content\/uploads\/2021\/11\/DJI_0020-1-2048x1152.jpg 2048w\" sizes=\"(max-width: 2560px) 100vw, 2560px\" \/><\/a><\/figure>\n\n\n\n<figure class=\"wp-block-image size-full\"><a href=\"https:\/\/carcacia.com\/wp-content\/uploads\/2021\/11\/DJI_0026-scaled.jpg\"><img decoding=\"async\" loading=\"lazy\" width=\"2560\" height=\"1440\" src=\"https:\/\/carcacia.com\/wp-content\/uploads\/2021\/11\/DJI_0026-scaled.jpg\" alt=\"\" class=\"wp-image-374\" srcset=\"https:\/\/carcacia.com\/wp-content\/uploads\/2021\/11\/DJI_0026-scaled.jpg 2560w, https:\/\/carcacia.com\/wp-content\/uploads\/2021\/11\/DJI_0026-300x169.jpg 300w, https:\/\/carcacia.com\/wp-content\/uploads\/2021\/11\/DJI_0026-1024x576.jpg 1024w, https:\/\/carcacia.com\/wp-content\/uploads\/2021\/11\/DJI_0026-768x432.jpg 768w, https:\/\/carcacia.com\/wp-content\/uploads\/2021\/11\/DJI_0026-1536x864.jpg 1536w, https:\/\/carcacia.com\/wp-content\/uploads\/2021\/11\/DJI_0026-2048x1152.jpg 2048w\" sizes=\"(max-width: 2560px) 100vw, 2560px\" \/><\/a><\/figure>\n\n\n\n<figure class=\"wp-block-image size-full\"><a href=\"https:\/\/carcacia.com\/wp-content\/uploads\/2021\/11\/DJI_0024-scaled.jpg\"><img decoding=\"async\" loading=\"lazy\" width=\"2560\" height=\"1440\" src=\"https:\/\/carcacia.com\/wp-content\/uploads\/2021\/11\/DJI_0024-scaled.jpg\" alt=\"\" class=\"wp-image-373\" srcset=\"https:\/\/carcacia.com\/wp-content\/uploads\/2021\/11\/DJI_0024-scaled.jpg 2560w, https:\/\/carcacia.com\/wp-content\/uploads\/2021\/11\/DJI_0024-300x169.jpg 300w, https:\/\/carcacia.com\/wp-content\/uploads\/2021\/11\/DJI_0024-1024x576.jpg 1024w, https:\/\/carcacia.com\/wp-content\/uploads\/2021\/11\/DJI_0024-768x432.jpg 768w, https:\/\/carcacia.com\/wp-content\/uploads\/2021\/11\/DJI_0024-1536x864.jpg 1536w, https:\/\/carcacia.com\/wp-content\/uploads\/2021\/11\/DJI_0024-2048x1152.jpg 2048w\" sizes=\"(max-width: 2560px) 100vw, 2560px\" \/><\/a><\/figure>\n\n\n\n<figure class=\"wp-block-image size-full\"><a href=\"https:\/\/carcacia.com\/wp-content\/uploads\/2020\/03\/fondo9-scaled.jpg\"><img decoding=\"async\" loading=\"lazy\" width=\"2560\" height=\"539\" src=\"https:\/\/carcacia.com\/wp-content\/uploads\/2020\/03\/fondo9-scaled.jpg\" alt=\"\" class=\"wp-image-311\" srcset=\"https:\/\/carcacia.com\/wp-content\/uploads\/2020\/03\/fondo9-scaled.jpg 2560w, https:\/\/carcacia.com\/wp-content\/uploads\/2020\/03\/fondo9-300x63.jpg 300w, https:\/\/carcacia.com\/wp-content\/uploads\/2020\/03\/fondo9-1024x216.jpg 1024w, https:\/\/carcacia.com\/wp-content\/uploads\/2020\/03\/fondo9-768x162.jpg 768w, https:\/\/carcacia.com\/wp-content\/uploads\/2020\/03\/fondo9-1536x324.jpg 1536w, https:\/\/carcacia.com\/wp-content\/uploads\/2020\/03\/fondo9-2048x431.jpg 2048w, https:\/\/carcacia.com\/wp-content\/uploads\/2020\/03\/fondo9-940x198.jpg 940w\" sizes=\"(max-width: 2560px) 100vw, 2560px\" \/><\/a><\/figure>\n\n\n\n<figure class=\"wp-block-image size-full\"><a href=\"https:\/\/carcacia.com\/wp-content\/uploads\/2022\/05\/DJI_0022-1-scaled.jpg\"><img decoding=\"async\" loading=\"lazy\" width=\"2560\" height=\"1440\" src=\"https:\/\/carcacia.com\/wp-content\/uploads\/2022\/05\/DJI_0022-1-scaled.jpg\" alt=\"\" class=\"wp-image-513\" srcset=\"https:\/\/carcacia.com\/wp-content\/uploads\/2022\/05\/DJI_0022-1-scaled.jpg 2560w, https:\/\/carcacia.com\/wp-content\/uploads\/2022\/05\/DJI_0022-1-300x169.jpg 300w, https:\/\/carcacia.com\/wp-content\/uploads\/2022\/05\/DJI_0022-1-1024x576.jpg 1024w, https:\/\/carcacia.com\/wp-content\/uploads\/2022\/05\/DJI_0022-1-768x432.jpg 768w, https:\/\/carcacia.com\/wp-content\/uploads\/2022\/05\/DJI_0022-1-1536x864.jpg 1536w, https:\/\/carcacia.com\/wp-content\/uploads\/2022\/05\/DJI_0022-1-2048x1152.jpg 2048w\" sizes=\"(max-width: 2560px) 100vw, 2560px\" \/><\/a><\/figure>\n\n\n\n<figure class=\"wp-block-image size-full\"><a href=\"https:\/\/carcacia.com\/wp-content\/uploads\/2022\/05\/DJI_0024-1-scaled.jpg\"><img decoding=\"async\" loading=\"lazy\" width=\"2560\" height=\"1440\" src=\"https:\/\/carcacia.com\/wp-content\/uploads\/2022\/05\/DJI_0024-1-scaled.jpg\" alt=\"\" class=\"wp-image-514\" srcset=\"https:\/\/carcacia.com\/wp-content\/uploads\/2022\/05\/DJI_0024-1-scaled.jpg 2560w, https:\/\/carcacia.com\/wp-content\/uploads\/2022\/05\/DJI_0024-1-300x169.jpg 300w, https:\/\/carcacia.com\/wp-content\/uploads\/2022\/05\/DJI_0024-1-1024x576.jpg 1024w, https:\/\/carcacia.com\/wp-content\/uploads\/2022\/05\/DJI_0024-1-768x432.jpg 768w, https:\/\/carcacia.com\/wp-content\/uploads\/2022\/05\/DJI_0024-1-1536x864.jpg 1536w, https:\/\/carcacia.com\/wp-content\/uploads\/2022\/05\/DJI_0024-1-2048x1152.jpg 2048w\" sizes=\"(max-width: 2560px) 100vw, 2560px\" \/><\/a><\/figure>\n\n\n\n<figure class=\"wp-block-image size-full\"><a href=\"https:\/\/carcacia.com\/wp-content\/uploads\/2022\/05\/DJI_0013maqueta-scaled.jpg\"><img decoding=\"async\" loading=\"lazy\" width=\"2560\" height=\"1375\" src=\"https:\/\/carcacia.com\/wp-content\/uploads\/2022\/05\/DJI_0013maqueta-scaled.jpg\" alt=\"\" class=\"wp-image-516\" srcset=\"https:\/\/carcacia.com\/wp-content\/uploads\/2022\/05\/DJI_0013maqueta-scaled.jpg 2560w, https:\/\/carcacia.com\/wp-content\/uploads\/2022\/05\/DJI_0013maqueta-300x161.jpg 300w, https:\/\/carcacia.com\/wp-content\/uploads\/2022\/05\/DJI_0013maqueta-1024x550.jpg 1024w, https:\/\/carcacia.com\/wp-content\/uploads\/2022\/05\/DJI_0013maqueta-768x412.jpg 768w, https:\/\/carcacia.com\/wp-content\/uploads\/2022\/05\/DJI_0013maqueta-1536x825.jpg 1536w, https:\/\/carcacia.com\/wp-content\/uploads\/2022\/05\/DJI_0013maqueta-2048x1100.jpg 2048w\" sizes=\"(max-width: 2560px) 100vw, 2560px\" \/><\/a><\/figure>\n<\/figure>\n<\/div><\/div>\n\n\n\n<p><\/p>\n\n\n\n<p><strong>Situaci\u00f3n xeogr\u00e1fica:<\/strong><\/p>\n\n\n\n<p><\/p>\n\n\n\n<iframe src=\"https:\/\/www.google.com\/maps\/embed?pb=!1m18!1m12!1m3!1d842.2418105438094!2d-8.62541017075438!3d42.74181298363122!2m3!1f0!2f0!3f0!3m2!1i1024!2i768!4f13.1!3m3!1m2!1s0x0%3A0xcfd371657115e7e2!2zNDLCsDQ0JzMwLjUiTiA4wrAzNycyOS41Ilc!5e1!3m2!1ses!2ses!4v1651749513300!5m2!1ses!2ses\" style=\"border:0;\" allowfullscreen=\"\" loading=\"lazy\" referrerpolicy=\"no-referrer-when-downgrade\" width=\"400\" height=\"300\"><\/iframe>\n","protected":false},"excerpt":{"rendered":"<p>Dende principios do 2019, na zona do Lapido podemos disfrutar de un bonito mirador con vistas \u00f3 rio Ulla. Este mirador f\u00edxose grazas \u00e1 unha solicitude de &#8220;Subvenci\u00f3n de Rede Natura&#8221;. (Orde do 21 de decembro de 2017 pola que &hellip; <a href=\"https:\/\/carcacia.com\/?page_id=157\">Sigue lendo <span class=\"meta-nav\">&rarr;<\/span><\/a><\/p>\n","protected":false},"author":1,"featured_media":0,"parent":0,"menu_order":0,"comment_status":"closed","ping_status":"closed","template":"","meta":[],"_links":{"self":[{"href":"https:\/\/carcacia.com\/index.php?rest_route=\/wp\/v2\/pages\/157"}],"collection":[{"href":"https:\/\/carcacia.com\/index.php?rest_route=\/wp\/v2\/pages"}],"about":[{"href":"https:\/\/carcacia.com\/index.php?rest_route=\/wp\/v2\/types\/page"}],"author":[{"embeddable":true,"href":"https:\/\/carcacia.com\/index.php?rest_route=\/wp\/v2\/users\/1"}],"replies":[{"embeddable":true,"href":"https:\/\/carcacia.com\/index.php?rest_route=%2Fwp%2Fv2%2Fcomments&post=157"}],"version-history":[{"count":23,"href":"https:\/\/carcacia.com\/index.php?rest_route=\/wp\/v2\/pages\/157\/revisions"}],"predecessor-version":[{"id":1018,"href":"https:\/\/carcacia.com\/index.php?rest_route=\/wp\/v2\/pages\/157\/revisions\/1018"}],"wp:attachment":[{"href":"https:\/\/carcacia.com\/index.php?rest_route=%2Fwp%2Fv2%2Fmedia&parent=157"}],"curies":[{"name":"wp","href":"https:\/\/api.w.org\/{rel}","templated":true}]}}