{"id":155,"date":"2020-01-27T14:44:48","date_gmt":"2020-01-27T14:44:48","guid":{"rendered":"http:\/\/carcacia.com\/?page_id=155"},"modified":"2023-01-16T07:40:39","modified_gmt":"2023-01-16T07:40:39","slug":"o-monte-de-meda","status":"publish","type":"page","link":"https:\/\/carcacia.com\/?page_id=155","title":{"rendered":"O monte de Meda."},"content":{"rendered":"\n<p>Entre as parroquias de Herb\u00f3n e Carcac\u00eda \u00e9rguese o chamado &#8220;Monte de Meda&#8221;. Dise que recibeu este nome porque a sua forma recorda a unha &#8220;meda&#8221;, t\u00e9rmino case esquecido que se describe como &#8220;un conxunto de palla disposta en forma de cono&#8221;. <\/p>\n\n\n\n<div class=\"is-layout-flex wp-container-6 wp-block-columns\">\n<div class=\"is-layout-flow wp-block-column\" style=\"flex-basis:100%\">\n<div class=\"is-layout-flex wp-container-4 wp-block-columns\">\n<div class=\"is-layout-flow wp-block-column\">\n<figure class=\"is-layout-flex wp-block-gallery-1 wp-block-gallery has-nested-images columns-default is-cropped\">\n<figure class=\"wp-block-image size-large\"><a href=\"https:\/\/carcacia.com\/wp-content\/uploads\/2022\/10\/alto-de-elisa.png\"><img decoding=\"async\" loading=\"lazy\" width=\"960\" height=\"644\" src=\"https:\/\/carcacia.com\/wp-content\/uploads\/2022\/10\/alto-de-elisa.png\" alt=\"\" class=\"wp-image-749\" srcset=\"https:\/\/carcacia.com\/wp-content\/uploads\/2022\/10\/alto-de-elisa.png 960w, https:\/\/carcacia.com\/wp-content\/uploads\/2022\/10\/alto-de-elisa-300x201.png 300w, https:\/\/carcacia.com\/wp-content\/uploads\/2022\/10\/alto-de-elisa-768x515.png 768w\" sizes=\"(max-width: 960px) 100vw, 960px\" \/><\/a><\/figure>\n\n\n\n<figure class=\"wp-block-image size-large\"><a href=\"https:\/\/carcacia.com\/wp-content\/uploads\/2022\/10\/meda9.jpg\"><img decoding=\"async\" loading=\"lazy\" width=\"800\" height=\"417\" src=\"https:\/\/carcacia.com\/wp-content\/uploads\/2022\/10\/meda9.jpg\" alt=\"\" class=\"wp-image-755\" srcset=\"https:\/\/carcacia.com\/wp-content\/uploads\/2022\/10\/meda9.jpg 800w, https:\/\/carcacia.com\/wp-content\/uploads\/2022\/10\/meda9-300x156.jpg 300w, https:\/\/carcacia.com\/wp-content\/uploads\/2022\/10\/meda9-768x400.jpg 768w\" sizes=\"(max-width: 800px) 100vw, 800px\" \/><\/a><\/figure>\n<\/figure>\n\n\n\n<p>O seu punto mais alto est\u00e1 a 449m sobre o nivel do mar e \u00e9 co\u00f1ecido como &#8220;Alto de Elisa&#8221;.<\/p>\n\n\n\n<p>En dias despexados p\u00f3dese ver perfectamente a ria de Arousa.<\/p>\n<\/div>\n<\/div>\n<\/div>\n<\/div>\n\n\n\n<p>Mesmo al\u00ed, existen unhas instalaci\u00f3ns que comprenden varias antenas de repetici\u00f3n para sistemas de televisi\u00f3n e telefon\u00eda, xa que este monte \u00e9 un dos mais altos da contorna. <\/p>\n\n\n<div class=\"wp-block-image\">\n<figure class=\"aligncenter size-large is-resized\"><a href=\"https:\/\/carcacia.com\/wp-content\/uploads\/2022\/10\/antenas-meda-edited.png\"><img decoding=\"async\" loading=\"lazy\" src=\"https:\/\/carcacia.com\/wp-content\/uploads\/2022\/10\/antenas-meda-edited.png\" alt=\"\" class=\"wp-image-761\" width=\"394\" height=\"260\"\/><\/a><\/figure><\/div>\n\n\n<div class=\"is-layout-flex wp-container-12 wp-block-columns\">\n<div class=\"is-layout-flow wp-block-column\" style=\"flex-basis:33.33%\">\n<p class=\"has-light-gray-background-color has-background\">A 500 metros de al\u00ed podemos ver un parque e\u00f3lico que consta tan s\u00f3 de 2 xeneradores. Foi construido en 2005 e foi o primeiro dunha serie de parques singulares que foron postos en marcha e xestionados por FERSA \u00f3 longo do territorio galego. <\/p>\n<\/div>\n\n\n\n<div class=\"is-layout-flow wp-block-column is-vertically-aligned-center\" style=\"flex-basis:66.66%\">\n<div class=\"is-layout-flow wp-block-group\"><div class=\"wp-block-group__inner-container\">\n<figure class=\"is-layout-flex wp-block-gallery-8 wp-block-gallery has-nested-images columns-default is-cropped\">\n<figure class=\"wp-block-image size-large\"><a href=\"https:\/\/carcacia.com\/wp-content\/uploads\/2022\/10\/meda1.jpg\"><img decoding=\"async\" loading=\"lazy\" width=\"800\" height=\"533\" src=\"https:\/\/carcacia.com\/wp-content\/uploads\/2022\/10\/meda1.jpg\" alt=\"\" class=\"wp-image-764\" srcset=\"https:\/\/carcacia.com\/wp-content\/uploads\/2022\/10\/meda1.jpg 800w, https:\/\/carcacia.com\/wp-content\/uploads\/2022\/10\/meda1-300x200.jpg 300w, https:\/\/carcacia.com\/wp-content\/uploads\/2022\/10\/meda1-768x512.jpg 768w\" sizes=\"(max-width: 800px) 100vw, 800px\" \/><\/a><\/figure>\n\n\n\n<figure class=\"wp-block-image size-large\"><a href=\"https:\/\/carcacia.com\/wp-content\/uploads\/2022\/10\/meda2.jpg\"><img decoding=\"async\" loading=\"lazy\" width=\"800\" height=\"533\" src=\"https:\/\/carcacia.com\/wp-content\/uploads\/2022\/10\/meda2.jpg\" alt=\"\" class=\"wp-image-765\" srcset=\"https:\/\/carcacia.com\/wp-content\/uploads\/2022\/10\/meda2.jpg 800w, https:\/\/carcacia.com\/wp-content\/uploads\/2022\/10\/meda2-300x200.jpg 300w, https:\/\/carcacia.com\/wp-content\/uploads\/2022\/10\/meda2-768x512.jpg 768w\" sizes=\"(max-width: 800px) 100vw, 800px\" \/><\/a><\/figure>\n\n\n\n<figure class=\"wp-block-image size-large\"><a href=\"https:\/\/carcacia.com\/wp-content\/uploads\/2022\/10\/meda3.jpg\"><img decoding=\"async\" loading=\"lazy\" width=\"800\" height=\"600\" src=\"https:\/\/carcacia.com\/wp-content\/uploads\/2022\/10\/meda3.jpg\" alt=\"\" class=\"wp-image-766\" srcset=\"https:\/\/carcacia.com\/wp-content\/uploads\/2022\/10\/meda3.jpg 800w, https:\/\/carcacia.com\/wp-content\/uploads\/2022\/10\/meda3-300x225.jpg 300w, https:\/\/carcacia.com\/wp-content\/uploads\/2022\/10\/meda3-768x576.jpg 768w\" sizes=\"(max-width: 800px) 100vw, 800px\" \/><\/a><\/figure>\n\n\n\n<figure class=\"wp-block-image size-large\"><a href=\"https:\/\/carcacia.com\/wp-content\/uploads\/2022\/10\/meda5.jpg\"><img decoding=\"async\" loading=\"lazy\" width=\"800\" height=\"600\" src=\"https:\/\/carcacia.com\/wp-content\/uploads\/2022\/10\/meda5.jpg\" alt=\"\" class=\"wp-image-767\" srcset=\"https:\/\/carcacia.com\/wp-content\/uploads\/2022\/10\/meda5.jpg 800w, https:\/\/carcacia.com\/wp-content\/uploads\/2022\/10\/meda5-300x225.jpg 300w, https:\/\/carcacia.com\/wp-content\/uploads\/2022\/10\/meda5-768x576.jpg 768w\" sizes=\"(max-width: 800px) 100vw, 800px\" \/><\/a><\/figure>\n\n\n\n<figure class=\"wp-block-image size-large\"><a href=\"https:\/\/carcacia.com\/wp-content\/uploads\/2022\/10\/meda6.jpg\"><img decoding=\"async\" loading=\"lazy\" width=\"800\" height=\"600\" src=\"https:\/\/carcacia.com\/wp-content\/uploads\/2022\/10\/meda6.jpg\" alt=\"\" class=\"wp-image-768\" srcset=\"https:\/\/carcacia.com\/wp-content\/uploads\/2022\/10\/meda6.jpg 800w, https:\/\/carcacia.com\/wp-content\/uploads\/2022\/10\/meda6-300x225.jpg 300w, https:\/\/carcacia.com\/wp-content\/uploads\/2022\/10\/meda6-768x576.jpg 768w\" sizes=\"(max-width: 800px) 100vw, 800px\" \/><\/a><\/figure>\n\n\n\n<figure class=\"wp-block-image size-large\"><a href=\"https:\/\/carcacia.com\/wp-content\/uploads\/2022\/10\/meda7.jpg\"><img decoding=\"async\" loading=\"lazy\" width=\"800\" height=\"533\" src=\"https:\/\/carcacia.com\/wp-content\/uploads\/2022\/10\/meda7.jpg\" alt=\"\" class=\"wp-image-769\" srcset=\"https:\/\/carcacia.com\/wp-content\/uploads\/2022\/10\/meda7.jpg 800w, https:\/\/carcacia.com\/wp-content\/uploads\/2022\/10\/meda7-300x200.jpg 300w, https:\/\/carcacia.com\/wp-content\/uploads\/2022\/10\/meda7-768x512.jpg 768w\" sizes=\"(max-width: 800px) 100vw, 800px\" \/><\/a><\/figure>\n<\/figure>\n<\/div><\/div>\n<\/div>\n<\/div>\n\n\n\n<p>A electricidade que xenera esta instalaci\u00f3n \u00e9 repartida polos nucleos de poboaci\u00f3ns pr\u00f3ximas, e sup\u00f3n unha fonte de ingresos adicionais para a localidade de Padr\u00f3n.<\/p>\n\n\n\n<p>A producci\u00f3n enerx\u00e9tica definitiva, de uns 4700Mw anuais, \u00e9 suficiente para abastecer o consumo de 1400 familias cada ano. Dende a perspectiva medioambiental, esta producci\u00f3n sustitue mais de 400 toneladas equivalentes de petroleo (TEP) \u00f3 ano, e evita a emisi\u00f3n \u00e1 atmosfera de 2550 toneladas anuais de CO2.<\/p>\n\n\n\n<p>Por outra parte, \u00f3 pe dos xeneradores, construeuse un mirador hacia o leste dende onde se pode disfrutar de unhas perfectas vistas cara o val de Carcac\u00eda. Alzando a vista, podemos ver perfectamente o Pico Sacro, no concello de Boqueix\u00f3n que se atopa a 16km en li\u00f1a recta.<\/p>\n","protected":false},"excerpt":{"rendered":"<p>Entre as parroquias de Herb\u00f3n e Carcac\u00eda \u00e9rguese o chamado &#8220;Monte de Meda&#8221;. Dise que recibeu este nome porque a sua forma recorda a unha &#8220;meda&#8221;, t\u00e9rmino case esquecido que se describe como &#8220;un conxunto de palla disposta en forma &hellip; <a href=\"https:\/\/carcacia.com\/?page_id=155\">Sigue lendo <span class=\"meta-nav\">&rarr;<\/span><\/a><\/p>\n","protected":false},"author":1,"featured_media":0,"parent":0,"menu_order":0,"comment_status":"closed","ping_status":"closed","template":"","meta":[],"_links":{"self":[{"href":"https:\/\/carcacia.com\/index.php?rest_route=\/wp\/v2\/pages\/155"}],"collection":[{"href":"https:\/\/carcacia.com\/index.php?rest_route=\/wp\/v2\/pages"}],"about":[{"href":"https:\/\/carcacia.com\/index.php?rest_route=\/wp\/v2\/types\/page"}],"author":[{"embeddable":true,"href":"https:\/\/carcacia.com\/index.php?rest_route=\/wp\/v2\/users\/1"}],"replies":[{"embeddable":true,"href":"https:\/\/carcacia.com\/index.php?rest_route=%2Fwp%2Fv2%2Fcomments&post=155"}],"version-history":[{"count":21,"href":"https:\/\/carcacia.com\/index.php?rest_route=\/wp\/v2\/pages\/155\/revisions"}],"predecessor-version":[{"id":1045,"href":"https:\/\/carcacia.com\/index.php?rest_route=\/wp\/v2\/pages\/155\/revisions\/1045"}],"wp:attachment":[{"href":"https:\/\/carcacia.com\/index.php?rest_route=%2Fwp%2Fv2%2Fmedia&parent=155"}],"curies":[{"name":"wp","href":"https:\/\/api.w.org\/{rel}","templated":true}]}}