{"id":121,"date":"2020-01-27T13:08:57","date_gmt":"2020-01-27T13:08:57","guid":{"rendered":"http:\/\/carcacia.com\/?page_id=121"},"modified":"2023-01-04T16:21:03","modified_gmt":"2023-01-04T16:21:03","slug":"historia","status":"publish","type":"page","link":"https:\/\/carcacia.com\/?page_id=121","title":{"rendered":"Historia e actualidade"},"content":{"rendered":"\n<p>Dise que na segunda d\u00e9cada do s\u00e9culo XIX, Padr\u00f3n era un dos 47 partidos que formaban Galicia. Nese partido existian 11 concellos entre os que figuraba como tal, Carcac\u00eda. No 1822 v\u00f3lvese a dividir Galicia en 4 \u00fanicas provincias. O partido de Padr\u00f3n perde uns cantos concellos  que pasan a pertencer a Pontevedra e quedan pertencendo \u00e1 provincia de A Coru\u00f1a os concellos de Padr\u00f3n e Carcac\u00eda. Haber\u00eda que esperar \u00e1 restauraci\u00f3n do absolutismo en 1834, para que todo o territorio galego fora dividido en concellos e partidos xudiciais, e Carcac\u00eda pasar\u00eda asi, a formar parte do concello de Padr\u00f3n.<\/p>\n\n\n\n<p>Queda asi en entredito, que Carcac\u00eda figur\u00f3u como concello independente entre 1822 e 1834.<\/p>\n\n\n\n<p>Carcac\u00eda situase nun val que forman uns preciosos montes, entre os cales figura o monte de &#8220;Meda&#8221;, que pertence tamen \u00f3 Concello de Padr\u00f3n.<\/p>\n\n\n\n<figure class=\"wp-block-image size-full is-resized\"><a href=\"https:\/\/carcacia.com\/wp-content\/uploads\/2020\/01\/DJI_0005-1-scaled.jpg\"><img decoding=\"async\" loading=\"lazy\" src=\"https:\/\/carcacia.com\/wp-content\/uploads\/2020\/01\/DJI_0005-1-scaled.jpg\" alt=\"\" class=\"wp-image-12\" width=\"640\" height=\"360\" srcset=\"https:\/\/carcacia.com\/wp-content\/uploads\/2020\/01\/DJI_0005-1-scaled.jpg 2560w, https:\/\/carcacia.com\/wp-content\/uploads\/2020\/01\/DJI_0005-1-300x169.jpg 300w, https:\/\/carcacia.com\/wp-content\/uploads\/2020\/01\/DJI_0005-1-1024x576.jpg 1024w, https:\/\/carcacia.com\/wp-content\/uploads\/2020\/01\/DJI_0005-1-768x432.jpg 768w, https:\/\/carcacia.com\/wp-content\/uploads\/2020\/01\/DJI_0005-1-1536x864.jpg 1536w, https:\/\/carcacia.com\/wp-content\/uploads\/2020\/01\/DJI_0005-1-2048x1152.jpg 2048w\" sizes=\"(max-width: 640px) 100vw, 640px\" \/><\/a><\/figure>\n\n\n\n<p>Por Carcac\u00eda pasa o rio Ulla, que podemos ver en lugares tan bonitos coma &#8220;O Areeiro&#8221;, o miradoiro do &#8220;Lapido&#8221;, a ponte que comunica Carcac\u00eda con Barcala, etc. O rio Ulla da orixe tamen a unhas pesqueiras da \u00e9poca romana.<\/p>\n\n\n\n<p>Nesta parroquia existen mais de unha ducia de empresas, de tipo construcci\u00f3n, carpinter\u00eda de maderia e tamen met\u00e1lica, turismo rural, agricultura, ocio, etc. <\/p>\n\n\n\n<p>Carcac\u00eda ten tamen un equipo de futbol chamado &#8220;SD Carcac\u00eda&#8221;, e un renovado campo de futbol.<\/p>\n\n\n\n<p>Tamen podemos encontrar al\u00ed, un campo de festas, unha depuradora de augas, un parque e\u00f3lico, escolas de infantil e primaria, varias asociacions de tipo cultural, veci\u00f1al e deportivas, e riquezas arquitect\u00f3nicas como igrexas, cruceiros, e abundantes fontes, lavadoiros e mui\u00f1os.<\/p>\n\n\n\n<figure class=\"is-layout-flex wp-block-gallery-1 wp-block-gallery has-nested-images columns-4 is-cropped\">\n<figure class=\"wp-block-image size-full\"><a href=\"https:\/\/carcacia.com\/wp-content\/uploads\/2022\/05\/DJI_000erw-scaled.jpg\"><img decoding=\"async\" loading=\"lazy\" width=\"2560\" height=\"1440\" data-id=\"695\"  src=\"https:\/\/carcacia.com\/wp-content\/uploads\/2022\/05\/DJI_000erw-scaled.jpg\" alt=\"\" class=\"wp-image-695\" srcset=\"https:\/\/carcacia.com\/wp-content\/uploads\/2022\/05\/DJI_000erw-scaled.jpg 2560w, https:\/\/carcacia.com\/wp-content\/uploads\/2022\/05\/DJI_000erw-300x169.jpg 300w, https:\/\/carcacia.com\/wp-content\/uploads\/2022\/05\/DJI_000erw-1024x576.jpg 1024w, https:\/\/carcacia.com\/wp-content\/uploads\/2022\/05\/DJI_000erw-768x432.jpg 768w, https:\/\/carcacia.com\/wp-content\/uploads\/2022\/05\/DJI_000erw-1536x864.jpg 1536w, https:\/\/carcacia.com\/wp-content\/uploads\/2022\/05\/DJI_000erw-2048x1152.jpg 2048w\" sizes=\"(max-width: 2560px) 100vw, 2560px\" \/><\/a><\/figure>\n\n\n\n<figure class=\"wp-block-image size-full\"><a href=\"https:\/\/carcacia.com\/wp-content\/uploads\/2022\/05\/DJI_0werwe016-scaled.jpg\"><img decoding=\"async\" loading=\"lazy\" width=\"2560\" height=\"1440\" data-id=\"696\"  src=\"https:\/\/carcacia.com\/wp-content\/uploads\/2022\/05\/DJI_0werwe016-scaled.jpg\" alt=\"\" class=\"wp-image-696\" srcset=\"https:\/\/carcacia.com\/wp-content\/uploads\/2022\/05\/DJI_0werwe016-scaled.jpg 2560w, https:\/\/carcacia.com\/wp-content\/uploads\/2022\/05\/DJI_0werwe016-300x169.jpg 300w, https:\/\/carcacia.com\/wp-content\/uploads\/2022\/05\/DJI_0werwe016-1024x576.jpg 1024w, https:\/\/carcacia.com\/wp-content\/uploads\/2022\/05\/DJI_0werwe016-768x432.jpg 768w, https:\/\/carcacia.com\/wp-content\/uploads\/2022\/05\/DJI_0werwe016-1536x864.jpg 1536w, https:\/\/carcacia.com\/wp-content\/uploads\/2022\/05\/DJI_0werwe016-2048x1152.jpg 2048w\" sizes=\"(max-width: 2560px) 100vw, 2560px\" \/><\/a><\/figure>\n\n\n\n<figure class=\"wp-block-image size-full\"><a href=\"https:\/\/carcacia.com\/wp-content\/uploads\/2022\/05\/DJI_001sfdf0-scaled.jpg\"><img decoding=\"async\" loading=\"lazy\" width=\"2560\" height=\"1440\" data-id=\"697\"  src=\"https:\/\/carcacia.com\/wp-content\/uploads\/2022\/05\/DJI_001sfdf0-scaled.jpg\" alt=\"\" class=\"wp-image-697\" srcset=\"https:\/\/carcacia.com\/wp-content\/uploads\/2022\/05\/DJI_001sfdf0-scaled.jpg 2560w, https:\/\/carcacia.com\/wp-content\/uploads\/2022\/05\/DJI_001sfdf0-300x169.jpg 300w, https:\/\/carcacia.com\/wp-content\/uploads\/2022\/05\/DJI_001sfdf0-1024x576.jpg 1024w, https:\/\/carcacia.com\/wp-content\/uploads\/2022\/05\/DJI_001sfdf0-768x432.jpg 768w, https:\/\/carcacia.com\/wp-content\/uploads\/2022\/05\/DJI_001sfdf0-1536x864.jpg 1536w, https:\/\/carcacia.com\/wp-content\/uploads\/2022\/05\/DJI_001sfdf0-2048x1152.jpg 2048w\" sizes=\"(max-width: 2560px) 100vw, 2560px\" \/><\/a><\/figure>\n\n\n\n<figure class=\"wp-block-image size-full\"><a href=\"https:\/\/carcacia.com\/wp-content\/uploads\/2022\/05\/DJI_0006-scaled.jpg\"><img decoding=\"async\" loading=\"lazy\" width=\"2560\" height=\"1440\" data-id=\"699\"  src=\"https:\/\/carcacia.com\/wp-content\/uploads\/2022\/05\/DJI_0006-scaled.jpg\" alt=\"\" class=\"wp-image-699\" srcset=\"https:\/\/carcacia.com\/wp-content\/uploads\/2022\/05\/DJI_0006-scaled.jpg 2560w, https:\/\/carcacia.com\/wp-content\/uploads\/2022\/05\/DJI_0006-300x169.jpg 300w, https:\/\/carcacia.com\/wp-content\/uploads\/2022\/05\/DJI_0006-1024x576.jpg 1024w, https:\/\/carcacia.com\/wp-content\/uploads\/2022\/05\/DJI_0006-768x432.jpg 768w, https:\/\/carcacia.com\/wp-content\/uploads\/2022\/05\/DJI_0006-1536x864.jpg 1536w, https:\/\/carcacia.com\/wp-content\/uploads\/2022\/05\/DJI_0006-2048x1152.jpg 2048w\" sizes=\"(max-width: 2560px) 100vw, 2560px\" \/><\/a><\/figure>\n\n\n\n<figure class=\"wp-block-image size-full\"><a href=\"https:\/\/carcacia.com\/wp-content\/uploads\/2022\/05\/DJI_0007-scaled.jpg\"><img decoding=\"async\" loading=\"lazy\" width=\"2560\" height=\"1440\" data-id=\"700\"  src=\"https:\/\/carcacia.com\/wp-content\/uploads\/2022\/05\/DJI_0007-scaled.jpg\" alt=\"\" class=\"wp-image-700\" srcset=\"https:\/\/carcacia.com\/wp-content\/uploads\/2022\/05\/DJI_0007-scaled.jpg 2560w, https:\/\/carcacia.com\/wp-content\/uploads\/2022\/05\/DJI_0007-300x169.jpg 300w, https:\/\/carcacia.com\/wp-content\/uploads\/2022\/05\/DJI_0007-1024x576.jpg 1024w, https:\/\/carcacia.com\/wp-content\/uploads\/2022\/05\/DJI_0007-768x432.jpg 768w, https:\/\/carcacia.com\/wp-content\/uploads\/2022\/05\/DJI_0007-1536x864.jpg 1536w, https:\/\/carcacia.com\/wp-content\/uploads\/2022\/05\/DJI_0007-2048x1152.jpg 2048w\" sizes=\"(max-width: 2560px) 100vw, 2560px\" \/><\/a><\/figure>\n\n\n\n<figure class=\"wp-block-image size-full\"><a href=\"https:\/\/carcacia.com\/wp-content\/uploads\/2022\/05\/DJI_0008-scaled.jpg\"><img decoding=\"async\" loading=\"lazy\" width=\"2560\" height=\"1440\" data-id=\"701\"  src=\"https:\/\/carcacia.com\/wp-content\/uploads\/2022\/05\/DJI_0008-scaled.jpg\" alt=\"\" class=\"wp-image-701\" srcset=\"https:\/\/carcacia.com\/wp-content\/uploads\/2022\/05\/DJI_0008-scaled.jpg 2560w, https:\/\/carcacia.com\/wp-content\/uploads\/2022\/05\/DJI_0008-300x169.jpg 300w, https:\/\/carcacia.com\/wp-content\/uploads\/2022\/05\/DJI_0008-1024x576.jpg 1024w, https:\/\/carcacia.com\/wp-content\/uploads\/2022\/05\/DJI_0008-768x432.jpg 768w, https:\/\/carcacia.com\/wp-content\/uploads\/2022\/05\/DJI_0008-1536x864.jpg 1536w, https:\/\/carcacia.com\/wp-content\/uploads\/2022\/05\/DJI_0008-2048x1152.jpg 2048w\" sizes=\"(max-width: 2560px) 100vw, 2560px\" \/><\/a><\/figure>\n\n\n\n<figure class=\"wp-block-image size-full\"><a href=\"https:\/\/carcacia.com\/wp-content\/uploads\/2022\/05\/DJI_0009-scaled.jpg\"><img decoding=\"async\" loading=\"lazy\" width=\"2560\" height=\"1440\" data-id=\"702\"  src=\"https:\/\/carcacia.com\/wp-content\/uploads\/2022\/05\/DJI_0009-scaled.jpg\" alt=\"\" class=\"wp-image-702\" srcset=\"https:\/\/carcacia.com\/wp-content\/uploads\/2022\/05\/DJI_0009-scaled.jpg 2560w, https:\/\/carcacia.com\/wp-content\/uploads\/2022\/05\/DJI_0009-300x169.jpg 300w, https:\/\/carcacia.com\/wp-content\/uploads\/2022\/05\/DJI_0009-1024x576.jpg 1024w, https:\/\/carcacia.com\/wp-content\/uploads\/2022\/05\/DJI_0009-768x432.jpg 768w, https:\/\/carcacia.com\/wp-content\/uploads\/2022\/05\/DJI_0009-1536x864.jpg 1536w, https:\/\/carcacia.com\/wp-content\/uploads\/2022\/05\/DJI_0009-2048x1152.jpg 2048w\" sizes=\"(max-width: 2560px) 100vw, 2560px\" \/><\/a><\/figure>\n\n\n\n<figure class=\"wp-block-image size-full\"><a href=\"https:\/\/carcacia.com\/wp-content\/uploads\/2022\/05\/DJI_0010-scaled.jpg\"><img decoding=\"async\" loading=\"lazy\" width=\"2560\" height=\"1440\" data-id=\"703\"  src=\"https:\/\/carcacia.com\/wp-content\/uploads\/2022\/05\/DJI_0010-scaled.jpg\" alt=\"\" class=\"wp-image-703\" srcset=\"https:\/\/carcacia.com\/wp-content\/uploads\/2022\/05\/DJI_0010-scaled.jpg 2560w, https:\/\/carcacia.com\/wp-content\/uploads\/2022\/05\/DJI_0010-300x169.jpg 300w, https:\/\/carcacia.com\/wp-content\/uploads\/2022\/05\/DJI_0010-1024x576.jpg 1024w, https:\/\/carcacia.com\/wp-content\/uploads\/2022\/05\/DJI_0010-768x432.jpg 768w, https:\/\/carcacia.com\/wp-content\/uploads\/2022\/05\/DJI_0010-1536x864.jpg 1536w, https:\/\/carcacia.com\/wp-content\/uploads\/2022\/05\/DJI_0010-2048x1152.jpg 2048w\" sizes=\"(max-width: 2560px) 100vw, 2560px\" \/><\/a><\/figure>\n\n\n\n<figure class=\"wp-block-image size-full\"><a href=\"https:\/\/carcacia.com\/wp-content\/uploads\/2022\/05\/DJI_0016-scaled.jpg\"><img decoding=\"async\" loading=\"lazy\" width=\"2560\" height=\"1440\" data-id=\"704\"  src=\"https:\/\/carcacia.com\/wp-content\/uploads\/2022\/05\/DJI_0016-scaled.jpg\" alt=\"\" class=\"wp-image-704\" srcset=\"https:\/\/carcacia.com\/wp-content\/uploads\/2022\/05\/DJI_0016-scaled.jpg 2560w, https:\/\/carcacia.com\/wp-content\/uploads\/2022\/05\/DJI_0016-300x169.jpg 300w, https:\/\/carcacia.com\/wp-content\/uploads\/2022\/05\/DJI_0016-1024x576.jpg 1024w, https:\/\/carcacia.com\/wp-content\/uploads\/2022\/05\/DJI_0016-768x432.jpg 768w, https:\/\/carcacia.com\/wp-content\/uploads\/2022\/05\/DJI_0016-1536x864.jpg 1536w, https:\/\/carcacia.com\/wp-content\/uploads\/2022\/05\/DJI_0016-2048x1152.jpg 2048w\" sizes=\"(max-width: 2560px) 100vw, 2560px\" \/><\/a><\/figure>\n\n\n\n<figure class=\"wp-block-image size-full\"><a href=\"https:\/\/carcacia.com\/wp-content\/uploads\/2022\/05\/DJI_0017-scaled.jpg\"><img decoding=\"async\" loading=\"lazy\" width=\"2560\" height=\"1440\" data-id=\"705\"  src=\"https:\/\/carcacia.com\/wp-content\/uploads\/2022\/05\/DJI_0017-scaled.jpg\" alt=\"\" class=\"wp-image-705\" srcset=\"https:\/\/carcacia.com\/wp-content\/uploads\/2022\/05\/DJI_0017-scaled.jpg 2560w, https:\/\/carcacia.com\/wp-content\/uploads\/2022\/05\/DJI_0017-300x169.jpg 300w, https:\/\/carcacia.com\/wp-content\/uploads\/2022\/05\/DJI_0017-1024x576.jpg 1024w, https:\/\/carcacia.com\/wp-content\/uploads\/2022\/05\/DJI_0017-768x432.jpg 768w, https:\/\/carcacia.com\/wp-content\/uploads\/2022\/05\/DJI_0017-1536x864.jpg 1536w, https:\/\/carcacia.com\/wp-content\/uploads\/2022\/05\/DJI_0017-2048x1152.jpg 2048w\" sizes=\"(max-width: 2560px) 100vw, 2560px\" \/><\/a><\/figure>\n\n\n\n<figure class=\"wp-block-image size-full\"><a href=\"https:\/\/carcacia.com\/wp-content\/uploads\/2022\/05\/DJI_0018-scaled.jpg\"><img decoding=\"async\" loading=\"lazy\" width=\"2560\" height=\"1440\" data-id=\"706\"  src=\"https:\/\/carcacia.com\/wp-content\/uploads\/2022\/05\/DJI_0018-scaled.jpg\" alt=\"\" class=\"wp-image-706\" srcset=\"https:\/\/carcacia.com\/wp-content\/uploads\/2022\/05\/DJI_0018-scaled.jpg 2560w, https:\/\/carcacia.com\/wp-content\/uploads\/2022\/05\/DJI_0018-300x169.jpg 300w, https:\/\/carcacia.com\/wp-content\/uploads\/2022\/05\/DJI_0018-1024x576.jpg 1024w, https:\/\/carcacia.com\/wp-content\/uploads\/2022\/05\/DJI_0018-768x432.jpg 768w, https:\/\/carcacia.com\/wp-content\/uploads\/2022\/05\/DJI_0018-1536x864.jpg 1536w, https:\/\/carcacia.com\/wp-content\/uploads\/2022\/05\/DJI_0018-2048x1152.jpg 2048w\" sizes=\"(max-width: 2560px) 100vw, 2560px\" \/><\/a><\/figure>\n\n\n\n<figure class=\"wp-block-image size-full\"><a href=\"https:\/\/carcacia.com\/wp-content\/uploads\/2022\/05\/DJI_0020-scaled.jpg\"><img decoding=\"async\" loading=\"lazy\" width=\"2560\" height=\"1440\" data-id=\"707\"  src=\"https:\/\/carcacia.com\/wp-content\/uploads\/2022\/05\/DJI_0020-scaled.jpg\" alt=\"\" class=\"wp-image-707\" srcset=\"https:\/\/carcacia.com\/wp-content\/uploads\/2022\/05\/DJI_0020-scaled.jpg 2560w, https:\/\/carcacia.com\/wp-content\/uploads\/2022\/05\/DJI_0020-300x169.jpg 300w, https:\/\/carcacia.com\/wp-content\/uploads\/2022\/05\/DJI_0020-1024x576.jpg 1024w, https:\/\/carcacia.com\/wp-content\/uploads\/2022\/05\/DJI_0020-768x432.jpg 768w, https:\/\/carcacia.com\/wp-content\/uploads\/2022\/05\/DJI_0020-1536x864.jpg 1536w, https:\/\/carcacia.com\/wp-content\/uploads\/2022\/05\/DJI_0020-2048x1152.jpg 2048w\" sizes=\"(max-width: 2560px) 100vw, 2560px\" \/><\/a><\/figure>\n\n\n\n<figure class=\"wp-block-image size-full\"><a href=\"https:\/\/carcacia.com\/wp-content\/uploads\/2022\/05\/DJI_0035-scaled.jpg\"><img decoding=\"async\" loading=\"lazy\" width=\"2560\" height=\"1440\" data-id=\"708\"  src=\"https:\/\/carcacia.com\/wp-content\/uploads\/2022\/05\/DJI_0035-scaled.jpg\" alt=\"\" class=\"wp-image-708\" srcset=\"https:\/\/carcacia.com\/wp-content\/uploads\/2022\/05\/DJI_0035-scaled.jpg 2560w, https:\/\/carcacia.com\/wp-content\/uploads\/2022\/05\/DJI_0035-300x169.jpg 300w, https:\/\/carcacia.com\/wp-content\/uploads\/2022\/05\/DJI_0035-1024x576.jpg 1024w, https:\/\/carcacia.com\/wp-content\/uploads\/2022\/05\/DJI_0035-768x432.jpg 768w, https:\/\/carcacia.com\/wp-content\/uploads\/2022\/05\/DJI_0035-1536x864.jpg 1536w, https:\/\/carcacia.com\/wp-content\/uploads\/2022\/05\/DJI_0035-2048x1152.jpg 2048w\" sizes=\"(max-width: 2560px) 100vw, 2560px\" \/><\/a><\/figure>\n\n\n\n<figure class=\"wp-block-image size-full\"><a href=\"https:\/\/carcacia.com\/wp-content\/uploads\/2022\/05\/DJI_0005239-scaled.jpg\"><img decoding=\"async\" loading=\"lazy\" width=\"2560\" height=\"1440\" data-id=\"709\"  src=\"https:\/\/carcacia.com\/wp-content\/uploads\/2022\/05\/DJI_0005239-scaled.jpg\" alt=\"\" class=\"wp-image-709\" srcset=\"https:\/\/carcacia.com\/wp-content\/uploads\/2022\/05\/DJI_0005239-scaled.jpg 2560w, https:\/\/carcacia.com\/wp-content\/uploads\/2022\/05\/DJI_0005239-300x169.jpg 300w, https:\/\/carcacia.com\/wp-content\/uploads\/2022\/05\/DJI_0005239-1024x576.jpg 1024w, https:\/\/carcacia.com\/wp-content\/uploads\/2022\/05\/DJI_0005239-768x432.jpg 768w, https:\/\/carcacia.com\/wp-content\/uploads\/2022\/05\/DJI_0005239-1536x864.jpg 1536w, https:\/\/carcacia.com\/wp-content\/uploads\/2022\/05\/DJI_0005239-2048x1152.jpg 2048w\" sizes=\"(max-width: 2560px) 100vw, 2560px\" \/><\/a><\/figure>\n<\/figure>\n\n\n\n<p>SITUACI\u00d3N XEOGR\u00c1FICA.<\/p>\n\n\n\n<iframe src=\"https:\/\/www.google.com\/maps\/embed?pb=!1m18!1m12!1m3!1d3368.4732692276507!2d-8.606370684400913!3d42.750902918321394!2m3!1f0!2f0!3f0!3m2!1i1024!2i768!4f13.1!3m3!1m2!1s0x0%3A0xc71b0ec264803365!2zNDLCsDQ1JzAzLjIiTiA4wrAzNicxNS4xIlc!5e1!3m2!1ses!2ses!4v1652439931553!5m2!1ses!2ses\" style=\"border:0;\" allowfullscreen=\"\" loading=\"lazy\" referrerpolicy=\"no-referrer-when-downgrade\" width=\"400\" height=\"300\"><\/iframe>\n","protected":false},"excerpt":{"rendered":"<p>Dise que na segunda d\u00e9cada do s\u00e9culo XIX, Padr\u00f3n era un dos 47 partidos que formaban Galicia. Nese partido existian 11 concellos entre os que figuraba como tal, Carcac\u00eda. No 1822 v\u00f3lvese a dividir Galicia en 4 \u00fanicas provincias. O &hellip; <a href=\"https:\/\/carcacia.com\/?page_id=121\">Sigue lendo <span class=\"meta-nav\">&rarr;<\/span><\/a><\/p>\n","protected":false},"author":1,"featured_media":0,"parent":0,"menu_order":0,"comment_status":"closed","ping_status":"closed","template":"","meta":[],"_links":{"self":[{"href":"https:\/\/carcacia.com\/index.php?rest_route=\/wp\/v2\/pages\/121"}],"collection":[{"href":"https:\/\/carcacia.com\/index.php?rest_route=\/wp\/v2\/pages"}],"about":[{"href":"https:\/\/carcacia.com\/index.php?rest_route=\/wp\/v2\/types\/page"}],"author":[{"embeddable":true,"href":"https:\/\/carcacia.com\/index.php?rest_route=\/wp\/v2\/users\/1"}],"replies":[{"embeddable":true,"href":"https:\/\/carcacia.com\/index.php?rest_route=%2Fwp%2Fv2%2Fcomments&post=121"}],"version-history":[{"count":22,"href":"https:\/\/carcacia.com\/index.php?rest_route=\/wp\/v2\/pages\/121\/revisions"}],"predecessor-version":[{"id":1007,"href":"https:\/\/carcacia.com\/index.php?rest_route=\/wp\/v2\/pages\/121\/revisions\/1007"}],"wp:attachment":[{"href":"https:\/\/carcacia.com\/index.php?rest_route=%2Fwp%2Fv2%2Fmedia&parent=121"}],"curies":[{"name":"wp","href":"https:\/\/api.w.org\/{rel}","templated":true}]}}